{"id":825,"date":"2018-08-06T17:33:04","date_gmt":"2018-08-06T20:33:04","guid":{"rendered":"http:\/\/192.168.1.2\/wp-export\/my-account\/"},"modified":"2020-08-08T21:36:09","modified_gmt":"2020-08-09T00:36:09","slug":"minha-conta","status":"publish","type":"page","link":"https:\/\/modamentha.com.br\/?page_id=825","title":{"rendered":"Minha conta"},"content":{"rendered":"<div class=\"woocommerce\">\r\n<div class=\"woocommerce-notices-wrapper\"><\/div>\r\n<div id=\"customer_login\" class=\"nm-myaccount-login\">\r\n    <div class=\"nm-myaccount-login-inner\">\r\n\t\t\r\n        <div id=\"nm-login-wrap\" class=\"inline slide-up fade-in\">\r\n            <h2>Acessar<\/h2>\r\n    \r\n            <form method=\"post\" class=\"login\">\r\n    \t\t\t\r\n                                \r\n                    \r\n                <p class=\"form-row form-row-wide\">\r\n                    <label for=\"username\">Nome de usu\u00e1rio ou e-mail <span class=\"required\">*<\/span><\/label>\r\n                    <input type=\"text\" class=\"woocommerce-Input woocommerce-Input--text input-text\" name=\"username\" id=\"username\" value=\"\" \/>\r\n                <\/p>\r\n                <p class=\"form-row form-row-wide\">\r\n                    <label for=\"password\">Senha <span class=\"required\">*<\/span><\/label>\r\n                    <input class=\"input-text\" type=\"password\" name=\"password\" id=\"password\" \/>\r\n                <\/p>\r\n    \r\n                                \r\n                <p class=\"form-row form-group\">\r\n                    <label class=\"woocommerce-form__label woocommerce-form__label-for-checkbox woocommerce-form-login__rememberme inline\">\r\n                        <input class=\"woocommerce-form__input woocommerce-form__input-checkbox\" name=\"rememberme\" type=\"checkbox\" id=\"rememberme\" value=\"forever\" \/> <span>Lembre-me<\/span>\r\n                    <\/label>\r\n                    \r\n                    <span class=\"woocommerce-LostPassword lost_password\">\r\n                        <a href=\"https:\/\/modamentha.com.br\/?page_id=825&#038;alterar-senha\">Perdeu sua senha?<\/a>\r\n                    <\/span>\r\n                <\/p>\r\n                \r\n                <p class=\"form-actions\">\r\n                    <input type=\"hidden\" id=\"woocommerce-login-nonce\" name=\"woocommerce-login-nonce\" value=\"f885708297\" \/><input type=\"hidden\" name=\"_wp_http_referer\" value=\"\/index.php?rest_route=%2Fwp%2Fv2%2Fpages%2F825\" \/>                 \r\n                    <button type=\"submit\" class=\"woocommerce-Button button\" name=\"login\" value=\"Acessar\">Acessar<\/button>\r\n                    \r\n                                        <div class=\"nm-login-form-divider\"><span>Ou<\/span><\/div>\r\n                    \r\n                    <a href=\"#\" id=\"nm-show-register-button\" class=\"button border\">Criar uma conta<\/a>\r\n                                    <\/p>\r\n                \r\n                    \r\n            <\/form>\r\n        <\/div>\r\n\r\n        \r\n        <div id=\"nm-register-wrap\">\r\n            <h2>Cadastre-se<\/h2>\r\n    \r\n            <form method=\"post\" class=\"register\">\r\n    \t\t\t\r\n                                \r\n                    \r\n                    \r\n                    <p class=\"form-row form-row-wide\">\r\n                        <label for=\"reg_username\">Nome de usu\u00e1rio <span class=\"required\">*<\/span><\/label>\r\n                        <input type=\"text\" class=\"woocommerce-Input woocommerce-Input--text input-text\" name=\"username\" id=\"reg_username\" value=\"\" \/>\r\n                    <\/p>\r\n                \r\n                    \r\n                <p class=\"form-row form-row-wide\">\r\n                    <label for=\"reg_email\">Endere\u00e7o de e-mail <span class=\"required\">*<\/span><\/label>\r\n                    <input type=\"email\" class=\"woocommerce-Input woocommerce-Input--text input-text\" name=\"email\" id=\"reg_email\" value=\"\" \/>\r\n                <\/p>\r\n    \r\n                    \r\n                    <p class=\"form-row form-row-wide\">\r\n                        <label for=\"reg_password\">Senha <span class=\"required\">*<\/span><\/label>\r\n                        <input type=\"password\" class=\"input-text\" name=\"password\" id=\"reg_password\" \/>\r\n                    <\/p>\r\n                \r\n                                \r\n                <div class=\"woocommerce-privacy-policy-text\"><p>Seus dados ser\u00e3o utilizados para processar e fazer o envio da sua compra. <a href=\"https:\/\/modamentha.com.br\/?page_id=3\" class=\"woocommerce-privacy-policy-link\" target=\"_blank\">pol\u00edtica de privacidade<\/a>.<\/p>\n<\/div>                \r\n                <p class=\"form-actions\">\r\n                    <input type=\"hidden\" id=\"woocommerce-register-nonce\" name=\"woocommerce-register-nonce\" value=\"8ddc7ab1f5\" \/><input type=\"hidden\" name=\"_wp_http_referer\" value=\"\/index.php?rest_route=%2Fwp%2Fv2%2Fpages%2F825\" \/>                    <button type=\"submit\" class=\"woocommerce-Button button\" name=\"register\" value=\"Cadastre-se\">Cadastre-se<\/button>\r\n                    \r\n                                        <div class=\"nm-login-form-divider\"><span>Ou<\/span><\/div>\r\n                    \r\n                    <a href=\"#\" id=\"nm-show-login-button\" class=\"button border\">Acessar<\/a>\r\n                                    <\/p>\r\n                \r\n                    \r\n            <\/form>\r\n        <\/div>\r\n    \r\n        \r\n            \r\n    <\/div>\r\n<\/div>\r\n<\/div>\n","protected":false},"excerpt":{"rendered":"Acessar Nome de usu\u00e1rio ou e-mail * Senha * Lembre-me Perdeu sua senha? Acessar Ou Criar uma conta Cadastre-se Nome de usu\u00e1rio * Endere\u00e7o de e-mail * Senha * Seus dados ser\u00e3o utilizados para processar e fazer o envio da sua compra. pol\u00edtica de privacidade. Cadastre-se Ou Acessar","protected":false},"author":1,"featured_media":0,"parent":0,"menu_order":0,"comment_status":"closed","ping_status":"closed","template":"","meta":{"spay_email":""},"_links":{"self":[{"href":"https:\/\/modamentha.com.br\/index.php?rest_route=\/wp\/v2\/pages\/825"}],"collection":[{"href":"https:\/\/modamentha.com.br\/index.php?rest_route=\/wp\/v2\/pages"}],"about":[{"href":"https:\/\/modamentha.com.br\/index.php?rest_route=\/wp\/v2\/types\/page"}],"author":[{"embeddable":true,"href":"https:\/\/modamentha.com.br\/index.php?rest_route=\/wp\/v2\/users\/1"}],"replies":[{"embeddable":true,"href":"https:\/\/modamentha.com.br\/index.php?rest_route=%2Fwp%2Fv2%2Fcomments&post=825"}],"version-history":[{"count":1,"href":"https:\/\/modamentha.com.br\/index.php?rest_route=\/wp\/v2\/pages\/825\/revisions"}],"predecessor-version":[{"id":1059,"href":"https:\/\/modamentha.com.br\/index.php?rest_route=\/wp\/v2\/pages\/825\/revisions\/1059"}],"wp:attachment":[{"href":"https:\/\/modamentha.com.br\/index.php?rest_route=%2Fwp%2Fv2%2Fmedia&parent=825"}],"curies":[{"name":"wp","href":"https:\/\/api.w.org\/{rel}","templated":true}]}}