{"id":2033,"date":"2020-09-29T17:03:44","date_gmt":"2020-09-29T20:03:44","guid":{"rendered":"https:\/\/modamentha.com.br\/?post_type=product&#038;p=2033"},"modified":"2025-12-01T09:01:17","modified_gmt":"2025-12-01T12:01:17","slug":"blusa-canelada-ombro-so","status":"publish","type":"product","link":"https:\/\/modamentha.com.br\/?product=blusa-canelada-ombro-so","title":{"rendered":"BLUSA CANELADA OMBRO S\u00d3"},"content":{"rendered":"<p>Composi\u00e7\u00e3o:<\/p>\n<p>96% Viscose<\/p>\n<p>4% Elastano<\/p>\n","protected":false},"excerpt":{"rendered":"<p>Composi\u00e7\u00e3o: 96% Viscose 4% Elastano<\/p>\n","protected":false},"featured_media":2252,"template":"","meta":{"spay_email":""},"supplier_id":null,"supplier_sku":"","atum_controlled":true,"out_stock_date":null,"out_stock_threshold":null,"inheritable":true,"inbound_stock":0,"stock_on_hold":0,"sold_today":0,"sales_last_days":0,"reserved_stock":0,"customer_returns":0,"warehouse_damage":0,"lost_in_post":0,"other_logs":0,"out_stock_days":0,"lost_sales":0,"has_location":false,"update_date":"2020-10-17T04:00:24","atum_locations":[],"atum_stock_status":"instock","low_stock":false,"_links":{"self":[{"href":"https:\/\/modamentha.com.br\/index.php?rest_route=\/wp\/v2\/product\/2033"}],"collection":[{"href":"https:\/\/modamentha.com.br\/index.php?rest_route=\/wp\/v2\/product"}],"about":[{"href":"https:\/\/modamentha.com.br\/index.php?rest_route=\/wp\/v2\/types\/product"}],"wp:featuredmedia":[{"embeddable":true,"href":"https:\/\/modamentha.com.br\/index.php?rest_route=\/wp\/v2\/media\/2252"}],"wp:attachment":[{"href":"https:\/\/modamentha.com.br\/index.php?rest_route=%2Fwp%2Fv2%2Fmedia&parent=2033"}],"curies":[{"name":"wp","href":"https:\/\/api.w.org\/{rel}","templated":true}]}}