{"id":24891,"date":"2022-04-11T17:14:08","date_gmt":"2022-04-11T20:14:08","guid":{"rendered":"https:\/\/modamentha.com.br\/?post_type=product&#038;p=24891"},"modified":"2022-10-21T11:59:11","modified_gmt":"2022-10-21T14:59:11","slug":"calca-pantalona-twill","status":"publish","type":"product","link":"https:\/\/modamentha.com.br\/?product=calca-pantalona-twill","title":{"rendered":"Cal\u00e7a Pantalona Twill"},"content":{"rendered":"","protected":false},"excerpt":{"rendered":"<p>Cal\u00e7a pantalona em crepe twill, com bolsos faca, passante para cinto e fechamento lateral por z\u00edper invis\u00edvel. <\/p>\n<p>Composi\u00e7\u00e3o:<br \/>\n96% POLI\u00c9STER<br \/>\n04% ELASTANO<\/p>\n<p>FORRO<br \/>\n100% POLI\u00c9STER<\/p>\n<p>MEDIDAS<br \/>\nCintura: P:72cm | M:76cm | G:80cm<br \/>\nQuadril: P:106cm | M:110cm | G:114cm<br \/>\nComprimento: P:115cm | M:115cm | G:115cm<\/p>\n","protected":false},"featured_media":24902,"template":"","meta":{"spay_email":""},"supplier_id":null,"supplier_sku":"","atum_controlled":true,"out_stock_date":null,"out_stock_threshold":null,"inheritable":true,"inbound_stock":0,"stock_on_hold":0,"sold_today":0,"sales_last_days":0,"reserved_stock":0,"customer_returns":0,"warehouse_damage":0,"lost_in_post":0,"other_logs":0,"out_stock_days":0,"lost_sales":0,"has_location":false,"update_date":"2024-04-03T03:11:07","atum_locations":[],"atum_stock_status":"instock","low_stock":false,"_links":{"self":[{"href":"https:\/\/modamentha.com.br\/index.php?rest_route=\/wp\/v2\/product\/24891"}],"collection":[{"href":"https:\/\/modamentha.com.br\/index.php?rest_route=\/wp\/v2\/product"}],"about":[{"href":"https:\/\/modamentha.com.br\/index.php?rest_route=\/wp\/v2\/types\/product"}],"wp:featuredmedia":[{"embeddable":true,"href":"https:\/\/modamentha.com.br\/index.php?rest_route=\/wp\/v2\/media\/24902"}],"wp:attachment":[{"href":"https:\/\/modamentha.com.br\/index.php?rest_route=%2Fwp%2Fv2%2Fmedia&parent=24891"}],"curies":[{"name":"wp","href":"https:\/\/api.w.org\/{rel}","templated":true}]}}