{"id":27272,"date":"2022-05-25T08:12:02","date_gmt":"2022-05-25T11:12:02","guid":{"rendered":"https:\/\/modamentha.com.br\/?post_type=product&#038;p=27272"},"modified":"2022-07-21T13:32:16","modified_gmt":"2022-07-21T16:32:16","slug":"sobretudo-teddy","status":"publish","type":"product","link":"https:\/\/modamentha.com.br\/?product=sobretudo-teddy","title":{"rendered":"Sobretudo Teddy"},"content":{"rendered":"","protected":false},"excerpt":{"rendered":"<p>Casaco teddy com modelagem trench coat e textura felpuda.<br \/>\nPossui mangas longas, caimento amplo e fechamento front\u00e3o em bot\u00e3o.\u00a0<br \/>\nComposi\u00e7\u00e3o: 100% poli\u00e9ster.<\/p>\n","protected":false},"featured_media":27273,"template":"","meta":{"spay_email":""},"supplier_id":null,"supplier_sku":"","atum_controlled":true,"out_stock_date":null,"out_stock_threshold":null,"inheritable":true,"inbound_stock":0,"stock_on_hold":0,"sold_today":0,"sales_last_days":0,"reserved_stock":0,"customer_returns":0,"warehouse_damage":0,"lost_in_post":0,"other_logs":0,"out_stock_days":0,"lost_sales":0,"has_location":false,"update_date":"2024-04-03T03:13:56","atum_locations":[],"atum_stock_status":"instock","low_stock":false,"_links":{"self":[{"href":"https:\/\/modamentha.com.br\/index.php?rest_route=\/wp\/v2\/product\/27272"}],"collection":[{"href":"https:\/\/modamentha.com.br\/index.php?rest_route=\/wp\/v2\/product"}],"about":[{"href":"https:\/\/modamentha.com.br\/index.php?rest_route=\/wp\/v2\/types\/product"}],"wp:featuredmedia":[{"embeddable":true,"href":"https:\/\/modamentha.com.br\/index.php?rest_route=\/wp\/v2\/media\/27273"}],"wp:attachment":[{"href":"https:\/\/modamentha.com.br\/index.php?rest_route=%2Fwp%2Fv2%2Fmedia&parent=27272"}],"curies":[{"name":"wp","href":"https:\/\/api.w.org\/{rel}","templated":true}]}}