{"id":28209,"date":"2022-06-21T18:33:46","date_gmt":"2022-06-21T21:33:46","guid":{"rendered":"https:\/\/modamentha.com.br\/?post_type=product&#038;p=28209"},"modified":"2024-05-25T17:12:57","modified_gmt":"2024-05-25T20:12:57","slug":"calca-moletinho-bolso","status":"publish","type":"product","link":"https:\/\/modamentha.com.br\/?product=calca-moletinho-bolso","title":{"rendered":"Cal\u00e7a Moletinho Bolso"},"content":{"rendered":"","protected":false},"excerpt":{"rendered":"<p>COMPOSI\u00c7\u00c3O:<br \/>\n94% Viscose<br \/>\n06% Elastano<\/p>\n<p>Cintura: P:72cm | M:76cm | G:80cm<br \/>\nQuadril: P:104cm | M:106cm | G:108cm<br \/>\nComprimento: P:96cm | M:98cm | G:100cm<\/p>\n","protected":false},"featured_media":28225,"template":"","meta":{"spay_email":""},"supplier_id":null,"supplier_sku":"","atum_controlled":true,"out_stock_date":null,"out_stock_threshold":null,"inheritable":true,"inbound_stock":0,"stock_on_hold":0,"sold_today":0,"sales_last_days":0,"reserved_stock":0,"customer_returns":0,"warehouse_damage":0,"lost_in_post":0,"other_logs":0,"out_stock_days":0,"lost_sales":0,"has_location":false,"update_date":"2024-04-03T03:15:06","atum_locations":[],"atum_stock_status":"instock","low_stock":false,"_links":{"self":[{"href":"https:\/\/modamentha.com.br\/index.php?rest_route=\/wp\/v2\/product\/28209"}],"collection":[{"href":"https:\/\/modamentha.com.br\/index.php?rest_route=\/wp\/v2\/product"}],"about":[{"href":"https:\/\/modamentha.com.br\/index.php?rest_route=\/wp\/v2\/types\/product"}],"wp:featuredmedia":[{"embeddable":true,"href":"https:\/\/modamentha.com.br\/index.php?rest_route=\/wp\/v2\/media\/28225"}],"wp:attachment":[{"href":"https:\/\/modamentha.com.br\/index.php?rest_route=%2Fwp%2Fv2%2Fmedia&parent=28209"}],"curies":[{"name":"wp","href":"https:\/\/api.w.org\/{rel}","templated":true}]}}