{"id":39778,"date":"2023-02-04T08:50:58","date_gmt":"2023-02-04T11:50:58","guid":{"rendered":"https:\/\/modamentha.com.br\/?post_type=product&#038;p=39778"},"modified":"2024-07-19T18:21:44","modified_gmt":"2024-07-19T21:21:44","slug":"calca-twill-pregas-pala","status":"publish","type":"product","link":"https:\/\/modamentha.com.br\/?product=calca-twill-pregas-pala","title":{"rendered":"Cal\u00e7a Twill Pregas Pala"},"content":{"rendered":"","protected":false},"excerpt":{"rendered":"<p>Cal\u00e7a em alfaiataria mista de viscose texturizada. Possui pregas no c\u00f3s frente, bolso faca nas laterais, z\u00edper de nylon lateral, fenda na barra e forro meia malha.<\/p>\n<p>92% VISCOSE 8% POLI\u00c9STER \/ FORRO 100% POLI\u00c9STER<\/p>\n","protected":false},"featured_media":39584,"template":"","meta":{"spay_email":""},"supplier_id":null,"supplier_sku":"","atum_controlled":true,"out_stock_date":null,"out_stock_threshold":null,"inheritable":true,"inbound_stock":0,"stock_on_hold":0,"sold_today":0,"sales_last_days":0,"reserved_stock":0,"customer_returns":0,"warehouse_damage":0,"lost_in_post":0,"other_logs":0,"out_stock_days":0,"lost_sales":0,"has_location":false,"update_date":"2025-12-26T03:17:57","atum_locations":[],"atum_stock_status":"instock","low_stock":false,"_links":{"self":[{"href":"https:\/\/modamentha.com.br\/index.php?rest_route=\/wp\/v2\/product\/39778"}],"collection":[{"href":"https:\/\/modamentha.com.br\/index.php?rest_route=\/wp\/v2\/product"}],"about":[{"href":"https:\/\/modamentha.com.br\/index.php?rest_route=\/wp\/v2\/types\/product"}],"wp:featuredmedia":[{"embeddable":true,"href":"https:\/\/modamentha.com.br\/index.php?rest_route=\/wp\/v2\/media\/39584"}],"wp:attachment":[{"href":"https:\/\/modamentha.com.br\/index.php?rest_route=%2Fwp%2Fv2%2Fmedia&parent=39778"}],"curies":[{"name":"wp","href":"https:\/\/api.w.org\/{rel}","templated":true}]}}