{"id":41954,"date":"2023-03-16T09:56:27","date_gmt":"2023-03-16T12:56:27","guid":{"rendered":"https:\/\/modamentha.com.br\/?post_type=product&#038;p=41954"},"modified":"2023-12-23T11:57:41","modified_gmt":"2023-12-23T14:57:41","slug":"short-saia-revel","status":"publish","type":"product","link":"https:\/\/modamentha.com.br\/?product=short-saia-revel","title":{"rendered":"Short Saia Revel"},"content":{"rendered":"","protected":false},"excerpt":{"rendered":"<p>Shorts saia em alfaiataria de algod\u00e3o com poliamida e elastano. Possui estrutura de forro com shorts por dentro da saia e c\u00f3s com fechamento em z\u00edper de nylon.<\/p>\n<p>Composi\u00e7\u00e3o:<br \/>\n50% ALGOD\u00c3O 46% POLIAMIDA 4% ELASTANO \/ FORRO 100% POLI\u00c9STER<\/p>\n<p>MEDIDAS<br \/>\nCintura: P &#8211; 72cm | M &#8211; 76cm | G &#8211; 80cm<br \/>\nQuadril: P &#8211; 98cm | M &#8211; 102cm | G &#8211; 106cm<br \/>\nComprimento Total: P &#8211; 40cm | M &#8211; 41cm | G &#8211; 42cm <\/p>\n","protected":false},"featured_media":41963,"template":"","meta":{"spay_email":""},"supplier_id":null,"supplier_sku":"","atum_controlled":true,"out_stock_date":null,"out_stock_threshold":null,"inheritable":true,"inbound_stock":0,"stock_on_hold":0,"sold_today":0,"sales_last_days":0,"reserved_stock":0,"customer_returns":0,"warehouse_damage":0,"lost_in_post":0,"other_logs":0,"out_stock_days":0,"lost_sales":0,"has_location":false,"update_date":"2026-01-18T03:14:08","atum_locations":[],"atum_stock_status":"instock","low_stock":false,"_links":{"self":[{"href":"https:\/\/modamentha.com.br\/index.php?rest_route=\/wp\/v2\/product\/41954"}],"collection":[{"href":"https:\/\/modamentha.com.br\/index.php?rest_route=\/wp\/v2\/product"}],"about":[{"href":"https:\/\/modamentha.com.br\/index.php?rest_route=\/wp\/v2\/types\/product"}],"wp:featuredmedia":[{"embeddable":true,"href":"https:\/\/modamentha.com.br\/index.php?rest_route=\/wp\/v2\/media\/41963"}],"wp:attachment":[{"href":"https:\/\/modamentha.com.br\/index.php?rest_route=%2Fwp%2Fv2%2Fmedia&parent=41954"}],"curies":[{"name":"wp","href":"https:\/\/api.w.org\/{rel}","templated":true}]}}