{"id":44297,"date":"2023-04-22T16:28:26","date_gmt":"2023-04-22T19:28:26","guid":{"rendered":"https:\/\/modamentha.com.br\/?post_type=product&#038;p=44297"},"modified":"2025-05-20T11:35:07","modified_gmt":"2025-05-20T14:35:07","slug":"calca-alfaiataria-skinny","status":"publish","type":"product","link":"https:\/\/modamentha.com.br\/?product=calca-alfaiataria-skinny","title":{"rendered":"Cal\u00e7a Alfaiataria Skinny"},"content":{"rendered":"","protected":false},"excerpt":{"rendered":"<p>Cal\u00e7a confeccionada com tecido de sarja de poliamida, com caimento encorpado. Sua modelagem \u00e9 skinny, com shape mais alinhado, recorte na frente e fenda na barra com z\u00edper invis\u00edvel que alonga a silhueta. Fechamento na vista com z\u00edper, fecho social e bot\u00e3o de seguran\u00e7a interno. Perfeita para uma rotina leve e confort\u00e1vel, mesmo sendo uma pe\u00e7a de alfaiataria.<\/p>\n<p>Composi\u00e7\u00e3o:<br \/>\n50% Algod\u00e3o<br \/>\n46% Poliamida<br \/>\n4% Elastano<\/p>\n<p>MEDIDAS:<br \/>\nCintura: 38: 70 cm \/ 40: 74 cm\/42: 78 cm \/ 44: 82 cm<br \/>\nQuadril: 38: 94 cm \/ 40: 98 cm\/42: 102 cm \/ 44: 106 cm<br \/>\nComp. cal\u00e7a: 38: 105,5 cm \/ 40: 107,5 cm\/42: 109,5 cm\/44: 111,5 cm<\/p>\n","protected":false},"featured_media":44304,"template":"","meta":{"spay_email":""},"supplier_id":null,"supplier_sku":"","atum_controlled":true,"out_stock_date":null,"out_stock_threshold":null,"inheritable":true,"inbound_stock":0,"stock_on_hold":0,"sold_today":0,"sales_last_days":0,"reserved_stock":0,"customer_returns":0,"warehouse_damage":0,"lost_in_post":0,"other_logs":0,"out_stock_days":0,"lost_sales":0,"has_location":false,"update_date":"2026-01-18T03:14:22","atum_locations":[],"atum_stock_status":"instock","low_stock":false,"_links":{"self":[{"href":"https:\/\/modamentha.com.br\/index.php?rest_route=\/wp\/v2\/product\/44297"}],"collection":[{"href":"https:\/\/modamentha.com.br\/index.php?rest_route=\/wp\/v2\/product"}],"about":[{"href":"https:\/\/modamentha.com.br\/index.php?rest_route=\/wp\/v2\/types\/product"}],"wp:featuredmedia":[{"embeddable":true,"href":"https:\/\/modamentha.com.br\/index.php?rest_route=\/wp\/v2\/media\/44304"}],"wp:attachment":[{"href":"https:\/\/modamentha.com.br\/index.php?rest_route=%2Fwp%2Fv2%2Fmedia&parent=44297"}],"curies":[{"name":"wp","href":"https:\/\/api.w.org\/{rel}","templated":true}]}}