{"id":45155,"date":"2023-05-08T16:00:47","date_gmt":"2023-05-08T19:00:47","guid":{"rendered":"https:\/\/modamentha.com.br\/?post_type=product&#038;p=45155"},"modified":"2025-05-21T09:43:45","modified_gmt":"2025-05-21T12:43:45","slug":"jaqueta-lorena","status":"publish","type":"product","link":"https:\/\/modamentha.com.br\/?product=jaqueta-lorena","title":{"rendered":"Jaqueta Lorena"},"content":{"rendered":"","protected":false},"excerpt":{"rendered":"<p>Jaqueta bicolor com z\u00edper (p\u00ealo sint\u00e9tico + alfaiataria com elastano)<\/p>\n","protected":false},"featured_media":45163,"template":"","meta":{"spay_email":""},"supplier_id":null,"supplier_sku":"","atum_controlled":true,"out_stock_date":null,"out_stock_threshold":null,"inheritable":true,"inbound_stock":0,"stock_on_hold":0,"sold_today":null,"sales_last_days":null,"reserved_stock":0,"customer_returns":0,"warehouse_damage":0,"lost_in_post":0,"other_logs":0,"out_stock_days":null,"lost_sales":null,"has_location":false,"update_date":"2023-05-08T22:02:50","atum_locations":[],"atum_stock_status":"instock","low_stock":false,"_links":{"self":[{"href":"https:\/\/modamentha.com.br\/index.php?rest_route=\/wp\/v2\/product\/45155"}],"collection":[{"href":"https:\/\/modamentha.com.br\/index.php?rest_route=\/wp\/v2\/product"}],"about":[{"href":"https:\/\/modamentha.com.br\/index.php?rest_route=\/wp\/v2\/types\/product"}],"wp:featuredmedia":[{"embeddable":true,"href":"https:\/\/modamentha.com.br\/index.php?rest_route=\/wp\/v2\/media\/45163"}],"wp:attachment":[{"href":"https:\/\/modamentha.com.br\/index.php?rest_route=%2Fwp%2Fv2%2Fmedia&parent=45155"}],"curies":[{"name":"wp","href":"https:\/\/api.w.org\/{rel}","templated":true}]}}