{"id":49621,"date":"2023-09-20T15:43:09","date_gmt":"2023-09-20T18:43:09","guid":{"rendered":"https:\/\/modamentha.com.br\/?post_type=product&#038;p=49621"},"modified":"2023-12-22T17:37:18","modified_gmt":"2023-12-22T20:37:18","slug":"short-faixa-passante-duplo","status":"publish","type":"product","link":"https:\/\/modamentha.com.br\/?product=short-faixa-passante-duplo","title":{"rendered":"Short Faixa Passante Duplo"},"content":{"rendered":"","protected":false},"excerpt":{"rendered":"<p>Shorts confeccionado em alfaiataria mista com elastano encorpada. Possui cintura alta, c\u00f3s com passante duplo, bolso faca e z\u00edper de nylon. Acompanha cinto do mesmo tecido com fivela de metal.<\/p>\n<p>Composi\u00e7\u00e3o:<br \/>\n96% POLI\u00c9STER 4% POLI\u00c9STER | FORRO 100% POLI\u00c9STER<\/p>\n","protected":false},"featured_media":49599,"template":"","meta":{"spay_email":""},"supplier_id":null,"supplier_sku":"","atum_controlled":true,"out_stock_date":null,"out_stock_threshold":null,"inheritable":true,"inbound_stock":0,"stock_on_hold":0,"sold_today":1,"sales_last_days":1,"reserved_stock":0,"customer_returns":0,"warehouse_damage":0,"lost_in_post":0,"other_logs":0,"out_stock_days":null,"lost_sales":0,"has_location":false,"update_date":"2023-09-21T20:49:27","atum_locations":[],"atum_stock_status":"instock","low_stock":false,"_links":{"self":[{"href":"https:\/\/modamentha.com.br\/index.php?rest_route=\/wp\/v2\/product\/49621"}],"collection":[{"href":"https:\/\/modamentha.com.br\/index.php?rest_route=\/wp\/v2\/product"}],"about":[{"href":"https:\/\/modamentha.com.br\/index.php?rest_route=\/wp\/v2\/types\/product"}],"wp:featuredmedia":[{"embeddable":true,"href":"https:\/\/modamentha.com.br\/index.php?rest_route=\/wp\/v2\/media\/49599"}],"wp:attachment":[{"href":"https:\/\/modamentha.com.br\/index.php?rest_route=%2Fwp%2Fv2%2Fmedia&parent=49621"}],"curies":[{"name":"wp","href":"https:\/\/api.w.org\/{rel}","templated":true}]}}