{"id":49884,"date":"2023-09-25T15:09:20","date_gmt":"2023-09-25T18:09:20","guid":{"rendered":"https:\/\/modamentha.com.br\/?post_type=product&#038;p=49884"},"modified":"2025-01-03T11:05:48","modified_gmt":"2025-01-03T14:05:48","slug":"calca-alfaiataria-wide","status":"publish","type":"product","link":"https:\/\/modamentha.com.br\/?product=calca-alfaiataria-wide","title":{"rendered":"Cal\u00e7a Alfaiataria Wide"},"content":{"rendered":"","protected":false},"excerpt":{"rendered":"<p>Cal\u00e7a em alfaiataria mista de viscose com elastano. Possui c\u00f3s com passantes, bolso faca, fechamento em colchetes e z\u00edper de nylon e forro shorts em malha.<\/p>\n<p>62% POLI\u00c9STER 33% VISCOSE 5% ELASTANO \/ FORRO 100% POLI\u00c9STER<\/p>\n","protected":false},"featured_media":49866,"template":"","meta":{"spay_email":""},"supplier_id":null,"supplier_sku":"","atum_controlled":true,"out_stock_date":null,"out_stock_threshold":null,"inheritable":true,"inbound_stock":0,"stock_on_hold":0,"sold_today":null,"sales_last_days":null,"reserved_stock":0,"customer_returns":0,"warehouse_damage":0,"lost_in_post":0,"other_logs":0,"out_stock_days":null,"lost_sales":null,"has_location":false,"update_date":"2023-09-25T21:24:44","atum_locations":[],"atum_stock_status":"instock","low_stock":false,"_links":{"self":[{"href":"https:\/\/modamentha.com.br\/index.php?rest_route=\/wp\/v2\/product\/49884"}],"collection":[{"href":"https:\/\/modamentha.com.br\/index.php?rest_route=\/wp\/v2\/product"}],"about":[{"href":"https:\/\/modamentha.com.br\/index.php?rest_route=\/wp\/v2\/types\/product"}],"wp:featuredmedia":[{"embeddable":true,"href":"https:\/\/modamentha.com.br\/index.php?rest_route=\/wp\/v2\/media\/49866"}],"wp:attachment":[{"href":"https:\/\/modamentha.com.br\/index.php?rest_route=%2Fwp%2Fv2%2Fmedia&parent=49884"}],"curies":[{"name":"wp","href":"https:\/\/api.w.org\/{rel}","templated":true}]}}