{"id":50663,"date":"2023-10-14T12:33:43","date_gmt":"2023-10-14T15:33:43","guid":{"rendered":"https:\/\/modamentha.com.br\/?post_type=product&#038;p=50663"},"modified":"2024-07-27T12:49:43","modified_gmt":"2024-07-27T15:49:43","slug":"short-pregas-elastico","status":"publish","type":"product","link":"https:\/\/modamentha.com.br\/?product=short-pregas-elastico","title":{"rendered":"Short Pregas El\u00e1stico"},"content":{"rendered":"","protected":false},"excerpt":{"rendered":"<p>Shorts em alfaiataria mista de viscose com elastano. Possui c\u00f3s, passante duplo, pregas, bolso faca, fechamento em bot\u00e3o forrado com z\u00edper de nylon e el\u00e1stico nas costas. <\/p>\n<p>COMPOSI\u00c7\u00c3O:<br \/>\n62% POLI\u00c9STER 33% VISCOSE 5% ELASTANO<\/p>\n","protected":false},"featured_media":50673,"template":"","meta":{"spay_email":""},"supplier_id":null,"supplier_sku":"","atum_controlled":true,"out_stock_date":null,"out_stock_threshold":null,"inheritable":true,"inbound_stock":0,"stock_on_hold":0,"sold_today":null,"sales_last_days":null,"reserved_stock":0,"customer_returns":0,"warehouse_damage":0,"lost_in_post":0,"other_logs":0,"out_stock_days":null,"lost_sales":null,"has_location":false,"update_date":"2023-10-14T18:44:12","atum_locations":[],"atum_stock_status":"instock","low_stock":false,"_links":{"self":[{"href":"https:\/\/modamentha.com.br\/index.php?rest_route=\/wp\/v2\/product\/50663"}],"collection":[{"href":"https:\/\/modamentha.com.br\/index.php?rest_route=\/wp\/v2\/product"}],"about":[{"href":"https:\/\/modamentha.com.br\/index.php?rest_route=\/wp\/v2\/types\/product"}],"wp:featuredmedia":[{"embeddable":true,"href":"https:\/\/modamentha.com.br\/index.php?rest_route=\/wp\/v2\/media\/50673"}],"wp:attachment":[{"href":"https:\/\/modamentha.com.br\/index.php?rest_route=%2Fwp%2Fv2%2Fmedia&parent=50663"}],"curies":[{"name":"wp","href":"https:\/\/api.w.org\/{rel}","templated":true}]}}