{"id":51274,"date":"2023-10-20T15:57:22","date_gmt":"2023-10-20T18:57:22","guid":{"rendered":"https:\/\/modamentha.com.br\/?post_type=product&#038;p=51274"},"modified":"2024-01-19T16:19:07","modified_gmt":"2024-01-19T19:19:07","slug":"short-alfaiataria-martingale","status":"publish","type":"product","link":"https:\/\/modamentha.com.br\/?product=short-alfaiataria-martingale","title":{"rendered":"Short Alfaiataria Martingale"},"content":{"rendered":"","protected":false},"excerpt":{"rendered":"<p>Shorts em alfaiataria mista com elastano encorpada. Possui martingale com bot\u00e3o perolado no c\u00f3s, pregas, bolso faca na frente, fechamento em colchete interno, z\u00edper de nylon, bolso chapado nas costas e forro meia malha<\/p>\n<p>Composi\u00e7\u00e3o:<br \/>\n96% POLI\u00c9STER 5% ELASTANO\/ FORRO 100% POLI\u00c9STER <\/p>\n<p>MEDIDAS<br \/>\nCintura: P:72cm |M:76cm |G:80cm<br \/>\nQuadril: P:102cm |M:106cm |G:110cm<br \/>\nComprimento Total: P:38cm |M:39cm |G:40cm <\/p>\n","protected":false},"featured_media":51278,"template":"","meta":{"spay_email":""},"supplier_id":null,"supplier_sku":"","atum_controlled":true,"out_stock_date":null,"out_stock_threshold":null,"inheritable":true,"inbound_stock":0,"stock_on_hold":0,"sold_today":null,"sales_last_days":null,"reserved_stock":0,"customer_returns":0,"warehouse_damage":0,"lost_in_post":0,"other_logs":0,"out_stock_days":null,"lost_sales":null,"has_location":false,"update_date":"2023-10-20T22:00:21","atum_locations":[],"atum_stock_status":"instock","low_stock":false,"_links":{"self":[{"href":"https:\/\/modamentha.com.br\/index.php?rest_route=\/wp\/v2\/product\/51274"}],"collection":[{"href":"https:\/\/modamentha.com.br\/index.php?rest_route=\/wp\/v2\/product"}],"about":[{"href":"https:\/\/modamentha.com.br\/index.php?rest_route=\/wp\/v2\/types\/product"}],"wp:featuredmedia":[{"embeddable":true,"href":"https:\/\/modamentha.com.br\/index.php?rest_route=\/wp\/v2\/media\/51278"}],"wp:attachment":[{"href":"https:\/\/modamentha.com.br\/index.php?rest_route=%2Fwp%2Fv2%2Fmedia&parent=51274"}],"curies":[{"name":"wp","href":"https:\/\/api.w.org\/{rel}","templated":true}]}}