{"id":51919,"date":"2023-11-01T19:49:36","date_gmt":"2023-11-01T22:49:36","guid":{"rendered":"https:\/\/modamentha.com.br\/?post_type=product&#038;p=51919"},"modified":"2024-11-14T17:46:58","modified_gmt":"2024-11-14T20:46:58","slug":"calca-twill-reta-pregas","status":"publish","type":"product","link":"https:\/\/modamentha.com.br\/?product=calca-twill-reta-pregas","title":{"rendered":"Cal\u00e7a Twill Reta Pregas"},"content":{"rendered":"","protected":false},"excerpt":{"rendered":"<p>Calca confeccionada em alfaiataria mista de viscose texturizada. Possui cintura alta, c\u00f3s com detalhe de pregas e z\u00edper de nylon. Modelagem que come\u00e7a soltinha no quadril e segue reto at\u00e9 a barra.<\/p>\n<p>Composi\u00e7\u00e3o:<br \/>\n92% VISCOSE 8% POLI\u00c9STER<br \/>\nFORRO:<br \/>\n100% POLI\u00c9STER<\/p>\n","protected":false},"featured_media":51928,"template":"","meta":{"spay_email":""},"supplier_id":null,"supplier_sku":"","atum_controlled":true,"out_stock_date":null,"out_stock_threshold":null,"inheritable":true,"inbound_stock":0,"stock_on_hold":0,"sold_today":null,"sales_last_days":null,"reserved_stock":0,"customer_returns":0,"warehouse_damage":0,"lost_in_post":0,"other_logs":0,"out_stock_days":null,"lost_sales":null,"has_location":false,"update_date":"2023-11-02T02:02:01","atum_locations":[],"atum_stock_status":"instock","low_stock":false,"_links":{"self":[{"href":"https:\/\/modamentha.com.br\/index.php?rest_route=\/wp\/v2\/product\/51919"}],"collection":[{"href":"https:\/\/modamentha.com.br\/index.php?rest_route=\/wp\/v2\/product"}],"about":[{"href":"https:\/\/modamentha.com.br\/index.php?rest_route=\/wp\/v2\/types\/product"}],"wp:featuredmedia":[{"embeddable":true,"href":"https:\/\/modamentha.com.br\/index.php?rest_route=\/wp\/v2\/media\/51928"}],"wp:attachment":[{"href":"https:\/\/modamentha.com.br\/index.php?rest_route=%2Fwp%2Fv2%2Fmedia&parent=51919"}],"curies":[{"name":"wp","href":"https:\/\/api.w.org\/{rel}","templated":true}]}}