{"id":53866,"date":"2023-12-12T10:23:50","date_gmt":"2023-12-12T13:23:50","guid":{"rendered":"https:\/\/modamentha.com.br\/?post_type=product&#038;p=53866"},"modified":"2025-12-04T16:19:10","modified_gmt":"2025-12-04T19:19:10","slug":"calca-lycra-prada-ziper-2","status":"publish","type":"product","link":"https:\/\/modamentha.com.br\/?product=calca-lycra-prada-ziper-2","title":{"rendered":"Cal\u00e7a Lycra Prada Ziper"},"content":{"rendered":"","protected":false},"excerpt":{"rendered":"<p>COMPOSI\u00c7\u00c3O:<br \/>\n88% Poliamida<br \/>\n12% Elastano<\/p>\n","protected":false},"featured_media":53855,"template":"","meta":{"spay_email":""},"supplier_id":null,"supplier_sku":"","atum_controlled":true,"out_stock_date":null,"out_stock_threshold":null,"inheritable":true,"inbound_stock":0,"stock_on_hold":0,"sold_today":1,"sales_last_days":1,"reserved_stock":0,"customer_returns":0,"warehouse_damage":0,"lost_in_post":0,"other_logs":0,"out_stock_days":null,"lost_sales":0,"has_location":false,"update_date":"2024-01-18T19:52:37","atum_locations":[],"atum_stock_status":"instock","low_stock":false,"_links":{"self":[{"href":"https:\/\/modamentha.com.br\/index.php?rest_route=\/wp\/v2\/product\/53866"}],"collection":[{"href":"https:\/\/modamentha.com.br\/index.php?rest_route=\/wp\/v2\/product"}],"about":[{"href":"https:\/\/modamentha.com.br\/index.php?rest_route=\/wp\/v2\/types\/product"}],"wp:featuredmedia":[{"embeddable":true,"href":"https:\/\/modamentha.com.br\/index.php?rest_route=\/wp\/v2\/media\/53855"}],"wp:attachment":[{"href":"https:\/\/modamentha.com.br\/index.php?rest_route=%2Fwp%2Fv2%2Fmedia&parent=53866"}],"curies":[{"name":"wp","href":"https:\/\/api.w.org\/{rel}","templated":true}]}}