{"id":55102,"date":"2024-02-09T11:13:13","date_gmt":"2024-02-09T14:13:13","guid":{"rendered":"https:\/\/modamentha.com.br\/?post_type=product&#038;p=55102"},"modified":"2025-01-27T15:45:53","modified_gmt":"2025-01-27T18:45:53","slug":"blusa-viscolycra-amarracao-2","status":"publish","type":"product","link":"https:\/\/modamentha.com.br\/?product=blusa-viscolycra-amarracao-2","title":{"rendered":"Blusa Viscolycra Amarra\u00e7\u00e3o"},"content":{"rendered":"","protected":false},"excerpt":{"rendered":"<p>Composi\u00e7\u00e3o:<br \/>\n96% Viscose<br \/>\n04% Elastano<\/p>\n<p>MEDIDAS<br \/>\nBusto: P:90 cm | M:94 cm | G: 98 cm<br \/>\nComprimento Frente: P:55 cm | M:55 cm | G:55 cm<\/p>\n","protected":false},"featured_media":55109,"template":"","meta":{"spay_email":""},"supplier_id":null,"supplier_sku":"","atum_controlled":true,"out_stock_date":null,"out_stock_threshold":null,"inheritable":true,"inbound_stock":0,"stock_on_hold":0,"sold_today":null,"sales_last_days":null,"reserved_stock":0,"customer_returns":0,"warehouse_damage":0,"lost_in_post":0,"other_logs":0,"out_stock_days":null,"lost_sales":null,"has_location":false,"update_date":"2024-02-09T17:13:30","atum_locations":[],"atum_stock_status":"instock","low_stock":false,"_links":{"self":[{"href":"https:\/\/modamentha.com.br\/index.php?rest_route=\/wp\/v2\/product\/55102"}],"collection":[{"href":"https:\/\/modamentha.com.br\/index.php?rest_route=\/wp\/v2\/product"}],"about":[{"href":"https:\/\/modamentha.com.br\/index.php?rest_route=\/wp\/v2\/types\/product"}],"wp:featuredmedia":[{"embeddable":true,"href":"https:\/\/modamentha.com.br\/index.php?rest_route=\/wp\/v2\/media\/55109"}],"wp:attachment":[{"href":"https:\/\/modamentha.com.br\/index.php?rest_route=%2Fwp%2Fv2%2Fmedia&parent=55102"}],"curies":[{"name":"wp","href":"https:\/\/api.w.org\/{rel}","templated":true}]}}