{"id":55400,"date":"2024-02-15T17:11:57","date_gmt":"2024-02-15T20:11:57","guid":{"rendered":"https:\/\/modamentha.com.br\/?post_type=product&#038;p=55400"},"modified":"2024-07-04T12:15:33","modified_gmt":"2024-07-04T15:15:33","slug":"calca-alfaiataria-twill-risca","status":"publish","type":"product","link":"https:\/\/modamentha.com.br\/?product=calca-alfaiataria-twill-risca","title":{"rendered":"Cal\u00e7a Alfaiataria Twill Risca"},"content":{"rendered":"","protected":false},"excerpt":{"rendered":"<p>Cal\u00e7a em alfaiataria risca de giz. Possui pregas, bolso, fechamento em z\u00edper de nylon, passantes e forro shorts. Acompanha cinto do mesmo tecido com fivela de metal.<\/p>\n<p>Composi\u00e7\u00e3o:<br \/>\n98% VISCOSE 11% POLI\u00c9STER | FORRO 100% POLI\u00c9STER<\/p>\n<p>MEDIDAS<br \/>\nCintura: P:72cm |M:76cm |G:80cm<br \/>\nQuadril: P:102cm |M:106cm |G:110cm<br \/>\nComprimento Total: P:99cm |M:100cm |G:101cm <\/p>\n","protected":false},"featured_media":55352,"template":"","meta":{"spay_email":""},"supplier_id":null,"supplier_sku":"","atum_controlled":true,"out_stock_date":null,"out_stock_threshold":null,"inheritable":true,"inbound_stock":0,"stock_on_hold":0,"sold_today":null,"sales_last_days":null,"reserved_stock":0,"customer_returns":0,"warehouse_damage":0,"lost_in_post":0,"other_logs":0,"out_stock_days":null,"lost_sales":null,"has_location":false,"update_date":"2024-02-15T23:29:04","atum_locations":[],"atum_stock_status":"instock","low_stock":false,"_links":{"self":[{"href":"https:\/\/modamentha.com.br\/index.php?rest_route=\/wp\/v2\/product\/55400"}],"collection":[{"href":"https:\/\/modamentha.com.br\/index.php?rest_route=\/wp\/v2\/product"}],"about":[{"href":"https:\/\/modamentha.com.br\/index.php?rest_route=\/wp\/v2\/types\/product"}],"wp:featuredmedia":[{"embeddable":true,"href":"https:\/\/modamentha.com.br\/index.php?rest_route=\/wp\/v2\/media\/55352"}],"wp:attachment":[{"href":"https:\/\/modamentha.com.br\/index.php?rest_route=%2Fwp%2Fv2%2Fmedia&parent=55400"}],"curies":[{"name":"wp","href":"https:\/\/api.w.org\/{rel}","templated":true}]}}