{"id":56350,"date":"2024-03-04T18:06:56","date_gmt":"2024-03-04T21:06:56","guid":{"rendered":"https:\/\/modamentha.com.br\/?post_type=product&#038;p=56350"},"modified":"2024-09-17T15:13:51","modified_gmt":"2024-09-17T18:13:51","slug":"blusa-malha-recorte","status":"publish","type":"product","link":"https:\/\/modamentha.com.br\/?product=blusa-malha-recorte","title":{"rendered":"Blusa Malha Recorte"},"content":{"rendered":"","protected":false},"excerpt":{"rendered":"<p>Blusa confeccionada em malha, modelagem slim, toque confort\u00e1vel e macio. Possui gola alta e manga longa. Destaque para o recorte no ombro, que valoriza o colo da mulher. \u00c9 uma pe\u00e7a vers\u00e1til e exclusiva, possibilitando in\u00fameras combina\u00e7\u00f5es modernas e elegantes.<\/p>\n<p>Composi\u00e7\u00e3o:<br \/>\n90% Poliamida<br \/>\n10% Elastano<\/p>\n<p>Tabela de Medidas:<br \/>\nPP \u2013 Busto 68 cm | Comprimento 51 cm<br \/>\nP \u2013 Busto 72 cm | Comprimento 53 cm<br \/>\nM \u2013 Busto 76 cm | Comprimento 55 cm<br \/>\nG \u2013 Busto 80 cm | Comprimento 57 cm<\/p>\n","protected":false},"featured_media":56310,"template":"","meta":{"spay_email":""},"supplier_id":null,"supplier_sku":"","atum_controlled":true,"out_stock_date":null,"out_stock_threshold":null,"inheritable":true,"inbound_stock":0,"stock_on_hold":0,"sold_today":null,"sales_last_days":null,"reserved_stock":0,"customer_returns":0,"warehouse_damage":0,"lost_in_post":0,"other_logs":0,"out_stock_days":null,"lost_sales":null,"has_location":false,"update_date":"2024-03-05T00:07:16","atum_locations":[],"atum_stock_status":"instock","low_stock":false,"_links":{"self":[{"href":"https:\/\/modamentha.com.br\/index.php?rest_route=\/wp\/v2\/product\/56350"}],"collection":[{"href":"https:\/\/modamentha.com.br\/index.php?rest_route=\/wp\/v2\/product"}],"about":[{"href":"https:\/\/modamentha.com.br\/index.php?rest_route=\/wp\/v2\/types\/product"}],"wp:featuredmedia":[{"embeddable":true,"href":"https:\/\/modamentha.com.br\/index.php?rest_route=\/wp\/v2\/media\/56310"}],"wp:attachment":[{"href":"https:\/\/modamentha.com.br\/index.php?rest_route=%2Fwp%2Fv2%2Fmedia&parent=56350"}],"curies":[{"name":"wp","href":"https:\/\/api.w.org\/{rel}","templated":true}]}}