{"id":56805,"date":"2024-03-10T18:58:34","date_gmt":"2024-03-10T21:58:34","guid":{"rendered":"https:\/\/modamentha.com.br\/?post_type=product&#038;p=56805"},"modified":"2025-11-29T12:04:33","modified_gmt":"2025-11-29T15:04:33","slug":"saia-curta-tweed","status":"publish","type":"product","link":"https:\/\/modamentha.com.br\/?product=saia-curta-tweed","title":{"rendered":"Saia Curta Tweed"},"content":{"rendered":"","protected":false},"excerpt":{"rendered":"<p>Confeccionado em um bel\u00edssimo tweed, um cl\u00e1ssico da moda. Modelagem evas\u00ea, de comprimento m\u00e9dio. Cintura m\u00e9dia com com bot\u00f5es de metal decorativos na cintura e lapela decorativa. Possui forro. Fechamento por z\u00edper met\u00e1lico traseiro.<\/p>\n<p>Composi\u00e7\u00e3o:<br \/>\n98,7% Poli\u00e9ster<br \/>\n01,3% Algod\u00e3o <\/p>\n","protected":false},"featured_media":56727,"template":"","meta":{"spay_email":""},"supplier_id":null,"supplier_sku":"","atum_controlled":true,"out_stock_date":null,"out_stock_threshold":null,"inheritable":true,"inbound_stock":0,"stock_on_hold":0,"sold_today":null,"sales_last_days":null,"reserved_stock":0,"customer_returns":0,"warehouse_damage":0,"lost_in_post":0,"other_logs":0,"out_stock_days":null,"lost_sales":null,"has_location":false,"update_date":"2024-03-11T01:11:59","atum_locations":[],"atum_stock_status":"instock","low_stock":false,"_links":{"self":[{"href":"https:\/\/modamentha.com.br\/index.php?rest_route=\/wp\/v2\/product\/56805"}],"collection":[{"href":"https:\/\/modamentha.com.br\/index.php?rest_route=\/wp\/v2\/product"}],"about":[{"href":"https:\/\/modamentha.com.br\/index.php?rest_route=\/wp\/v2\/types\/product"}],"wp:featuredmedia":[{"embeddable":true,"href":"https:\/\/modamentha.com.br\/index.php?rest_route=\/wp\/v2\/media\/56727"}],"wp:attachment":[{"href":"https:\/\/modamentha.com.br\/index.php?rest_route=%2Fwp%2Fv2%2Fmedia&parent=56805"}],"curies":[{"name":"wp","href":"https:\/\/api.w.org\/{rel}","templated":true}]}}