{"id":56818,"date":"2024-03-10T19:11:35","date_gmt":"2024-03-10T22:11:35","guid":{"rendered":"https:\/\/modamentha.com.br\/?post_type=product&#038;p=56818"},"modified":"2024-04-06T09:11:40","modified_gmt":"2024-04-06T12:11:40","slug":"saia-alfaiataria-3","status":"publish","type":"product","link":"https:\/\/modamentha.com.br\/?product=saia-alfaiataria-3","title":{"rendered":"Saia Alfaiataria"},"content":{"rendered":"","protected":false},"excerpt":{"rendered":"<p>Confeccionada em alfaiataria. Possui c\u00f3s com passantes e fechamento na parte frontal por z\u00edper e bot\u00e3o. Modelagem l\u00e1pis, com abertura frontal para melhor movimento. Comprimento m\u00e9dio.<\/p>\n","protected":false},"featured_media":56819,"template":"","meta":{"spay_email":""},"supplier_id":null,"supplier_sku":"","atum_controlled":true,"out_stock_date":null,"out_stock_threshold":null,"inheritable":true,"inbound_stock":0,"stock_on_hold":0,"sold_today":null,"sales_last_days":null,"reserved_stock":0,"customer_returns":0,"warehouse_damage":0,"lost_in_post":0,"other_logs":0,"out_stock_days":null,"lost_sales":null,"has_location":false,"update_date":"2024-03-11T01:11:58","atum_locations":[],"atum_stock_status":"instock","low_stock":false,"_links":{"self":[{"href":"https:\/\/modamentha.com.br\/index.php?rest_route=\/wp\/v2\/product\/56818"}],"collection":[{"href":"https:\/\/modamentha.com.br\/index.php?rest_route=\/wp\/v2\/product"}],"about":[{"href":"https:\/\/modamentha.com.br\/index.php?rest_route=\/wp\/v2\/types\/product"}],"wp:featuredmedia":[{"embeddable":true,"href":"https:\/\/modamentha.com.br\/index.php?rest_route=\/wp\/v2\/media\/56819"}],"wp:attachment":[{"href":"https:\/\/modamentha.com.br\/index.php?rest_route=%2Fwp%2Fv2%2Fmedia&parent=56818"}],"curies":[{"name":"wp","href":"https:\/\/api.w.org\/{rel}","templated":true}]}}