{"id":57597,"date":"2024-03-20T21:21:16","date_gmt":"2024-03-21T00:21:16","guid":{"rendered":"https:\/\/modamentha.com.br\/?post_type=product&#038;p=57597"},"modified":"2025-08-09T12:41:09","modified_gmt":"2025-08-09T15:41:09","slug":"calca-jeans-reta-2","status":"publish","type":"product","link":"https:\/\/modamentha.com.br\/?product=calca-jeans-reta-2","title":{"rendered":"Cal\u00e7a Jeans Reta"},"content":{"rendered":"","protected":false},"excerpt":{"rendered":"<p>Cal\u00e7a jeans confeccionada em algod\u00e3o, com caimento reto. Possui modelagem cl\u00e1ssica e reta, com shape mais alinhado, tr\u00eas bolsos dianteiro, dois bolsos traseiros, passante no c\u00f3s e traseiro com pala. Fechamento na vista com z\u00edper e bot\u00e3o de metal. Perfeita para uma rotina leve e confort\u00e1vel, mesmo sendo jeans, proporcionando looks vers\u00e1teis e modernos.<\/p>\n<p>Composi\u00e7\u00e3o:<br \/>\n100% Algod\u00e3o <\/p>\n<p>Tabela de Medidas:<br \/>\n38 (P) \u2013 Cintura 67 cm | Quadril 94 cm | Comprimento 115 cm<br \/>\n40 (M)\u2013 Cintura 69 cm | Quadril 96 cm | Comprimento 119 cm<br \/>\n42 (G)\u2013 Cintura 71 cm | Quadril 98 cm | Comprimento 123 cm<\/p>\n","protected":false},"featured_media":57505,"template":"","meta":{"spay_email":""},"supplier_id":null,"supplier_sku":"","atum_controlled":true,"out_stock_date":null,"out_stock_threshold":null,"inheritable":true,"inbound_stock":0,"stock_on_hold":0,"sold_today":1,"sales_last_days":1,"reserved_stock":0,"customer_returns":0,"warehouse_damage":0,"lost_in_post":0,"other_logs":0,"out_stock_days":null,"lost_sales":0,"has_location":false,"update_date":"2024-06-17T16:48:10","atum_locations":[],"atum_stock_status":"instock","low_stock":false,"_links":{"self":[{"href":"https:\/\/modamentha.com.br\/index.php?rest_route=\/wp\/v2\/product\/57597"}],"collection":[{"href":"https:\/\/modamentha.com.br\/index.php?rest_route=\/wp\/v2\/product"}],"about":[{"href":"https:\/\/modamentha.com.br\/index.php?rest_route=\/wp\/v2\/types\/product"}],"wp:featuredmedia":[{"embeddable":true,"href":"https:\/\/modamentha.com.br\/index.php?rest_route=\/wp\/v2\/media\/57505"}],"wp:attachment":[{"href":"https:\/\/modamentha.com.br\/index.php?rest_route=%2Fwp%2Fv2%2Fmedia&parent=57597"}],"curies":[{"name":"wp","href":"https:\/\/api.w.org\/{rel}","templated":true}]}}