{"id":58598,"date":"2024-04-06T15:30:39","date_gmt":"2024-04-06T18:30:39","guid":{"rendered":"https:\/\/modamentha.com.br\/?post_type=product&#038;p=58598"},"modified":"2025-11-29T12:30:04","modified_gmt":"2025-11-29T15:30:04","slug":"regata-alca-cropped-nuvem-botoes","status":"publish","type":"product","link":"https:\/\/modamentha.com.br\/?product=regata-alca-cropped-nuvem-botoes","title":{"rendered":"Regata Al\u00e7a Cropped Nuvem Bot\u00f5es"},"content":{"rendered":"","protected":false},"excerpt":{"rendered":"<p>Regata al\u00e7a em crepe liso. Possui decote com formato de onda, bot\u00e3o forrado na frente e al\u00e7a com regulador.<\/p>\n<p>Composi\u00e7\u00e3o:<br \/>\n100% Poli\u00e9ster<\/p>\n<p>MEDIDAS<br \/>\nBusto: P:90cm |M:94cm |G:98cm<br \/>\nComprimento Total: P:48cm |M:49cm |G:50cm <\/p>\n","protected":false},"featured_media":58495,"template":"","meta":{"spay_email":""},"supplier_id":null,"supplier_sku":"","atum_controlled":true,"out_stock_date":null,"out_stock_threshold":null,"inheritable":true,"inbound_stock":0,"stock_on_hold":0,"sold_today":0,"sales_last_days":1,"reserved_stock":0,"customer_returns":0,"warehouse_damage":0,"lost_in_post":0,"other_logs":0,"out_stock_days":null,"lost_sales":0,"has_location":false,"update_date":"2024-04-26T18:02:33","atum_locations":[],"atum_stock_status":"instock","low_stock":false,"_links":{"self":[{"href":"https:\/\/modamentha.com.br\/index.php?rest_route=\/wp\/v2\/product\/58598"}],"collection":[{"href":"https:\/\/modamentha.com.br\/index.php?rest_route=\/wp\/v2\/product"}],"about":[{"href":"https:\/\/modamentha.com.br\/index.php?rest_route=\/wp\/v2\/types\/product"}],"wp:featuredmedia":[{"embeddable":true,"href":"https:\/\/modamentha.com.br\/index.php?rest_route=\/wp\/v2\/media\/58495"}],"wp:attachment":[{"href":"https:\/\/modamentha.com.br\/index.php?rest_route=%2Fwp%2Fv2%2Fmedia&parent=58598"}],"curies":[{"name":"wp","href":"https:\/\/api.w.org\/{rel}","templated":true}]}}