{"id":58608,"date":"2024-04-06T15:42:47","date_gmt":"2024-04-06T18:42:47","guid":{"rendered":"https:\/\/modamentha.com.br\/?post_type=product&#038;p=58608"},"modified":"2024-11-11T18:12:23","modified_gmt":"2024-11-11T21:12:23","slug":"calca-skinny-alfaiataria","status":"publish","type":"product","link":"https:\/\/modamentha.com.br\/?product=calca-skinny-alfaiataria","title":{"rendered":"Cal\u00e7a Skinny Alfaiataria"},"content":{"rendered":"","protected":false},"excerpt":{"rendered":"<p>Cal\u00e7a em alfaiataria mista de poliamida com elastano encorpada. Possui modelagem skinny, com detalhe de bolso faca, bot\u00e3o forrado e c\u00f3s com passante.<\/p>\n<p>Composi\u00e7\u00e3o:<br \/>\n50% ALGOD\u00c3O 46% POLIAMIDA 4% ELASTANO \/ FORRO 100% POLI\u00c9STER<\/p>\n<p>MEDIDAS<br \/>\nCintura: P:72cm |M:76cm |G:80cm<br \/>\nQuadril: P:99cm |M:103cm |G:107cm<br \/>\nComprimento Total: P:92cm |M:93cm |G:94cm <\/p>\n","protected":false},"featured_media":58487,"template":"","meta":{"spay_email":""},"supplier_id":null,"supplier_sku":"","atum_controlled":true,"out_stock_date":null,"out_stock_threshold":null,"inheritable":true,"inbound_stock":0,"stock_on_hold":0,"sold_today":null,"sales_last_days":null,"reserved_stock":0,"customer_returns":0,"warehouse_damage":0,"lost_in_post":0,"other_logs":0,"out_stock_days":null,"lost_sales":null,"has_location":false,"update_date":"2024-04-06T22:20:33","atum_locations":[],"atum_stock_status":"instock","low_stock":false,"_links":{"self":[{"href":"https:\/\/modamentha.com.br\/index.php?rest_route=\/wp\/v2\/product\/58608"}],"collection":[{"href":"https:\/\/modamentha.com.br\/index.php?rest_route=\/wp\/v2\/product"}],"about":[{"href":"https:\/\/modamentha.com.br\/index.php?rest_route=\/wp\/v2\/types\/product"}],"wp:featuredmedia":[{"embeddable":true,"href":"https:\/\/modamentha.com.br\/index.php?rest_route=\/wp\/v2\/media\/58487"}],"wp:attachment":[{"href":"https:\/\/modamentha.com.br\/index.php?rest_route=%2Fwp%2Fv2%2Fmedia&parent=58608"}],"curies":[{"name":"wp","href":"https:\/\/api.w.org\/{rel}","templated":true}]}}