{"id":58984,"date":"2024-04-11T21:39:35","date_gmt":"2024-04-12T00:39:35","guid":{"rendered":"https:\/\/modamentha.com.br\/?post_type=product&#038;p=58984"},"modified":"2024-05-23T19:44:23","modified_gmt":"2024-05-23T22:44:23","slug":"saia-recorte-sarja","status":"publish","type":"product","link":"https:\/\/modamentha.com.br\/?product=saia-recorte-sarja","title":{"rendered":"Saia Recorte Sarja"},"content":{"rendered":"","protected":false},"excerpt":{"rendered":"<p>Saia mini confeccionada em algod\u00e3o sarjado, tecido com toque macio e confort\u00e1vel e com caimento reto. Possui recorte frontal e traseiro com pence. Fechamento na lateral com z\u00edper invis\u00edvel. Seu diferencial fica na barra dupla com recorte assim\u00e9trico, transmitindo um look feminino e moderno<\/p>\n<p>Tecido: <\/p>\n<p>Algod\u00e3o Sarjado<\/p>\n<p>Composi\u00e7\u00e3o:<\/p>\n<p>Corpo:<\/p>\n<p>97% Algodao<\/p>\n<p>3% Elastano <\/p>\n<p>Tabela de Medidas:<\/p>\n<p>36 (PP) \u2013 Cintura 68,50 cm | Quadril 92 cm | Comprimento 46 cm<br \/>\n38 (P) \u2013  Cintura 72,50 cm | Quadril 96 cm | Comprimento 48 cm<br \/>\n40 (M) \u2013 Cintura 76,50 cm | Quadril 100 cm | Comprimento 50 cm<br \/>\n42 (G) \u2013 Cintura 80,50 cm | Quadril 104 cm | Comprimento 52 cm<\/p>\n","protected":false},"featured_media":58985,"template":"","meta":{"spay_email":""},"supplier_id":null,"supplier_sku":"","atum_controlled":true,"out_stock_date":null,"out_stock_threshold":null,"inheritable":true,"inbound_stock":0,"stock_on_hold":0,"sold_today":null,"sales_last_days":null,"reserved_stock":0,"customer_returns":0,"warehouse_damage":0,"lost_in_post":0,"other_logs":0,"out_stock_days":null,"lost_sales":null,"has_location":false,"update_date":"2024-04-12T03:51:58","atum_locations":[],"atum_stock_status":"instock","low_stock":false,"_links":{"self":[{"href":"https:\/\/modamentha.com.br\/index.php?rest_route=\/wp\/v2\/product\/58984"}],"collection":[{"href":"https:\/\/modamentha.com.br\/index.php?rest_route=\/wp\/v2\/product"}],"about":[{"href":"https:\/\/modamentha.com.br\/index.php?rest_route=\/wp\/v2\/types\/product"}],"wp:featuredmedia":[{"embeddable":true,"href":"https:\/\/modamentha.com.br\/index.php?rest_route=\/wp\/v2\/media\/58985"}],"wp:attachment":[{"href":"https:\/\/modamentha.com.br\/index.php?rest_route=%2Fwp%2Fv2%2Fmedia&parent=58984"}],"curies":[{"name":"wp","href":"https:\/\/api.w.org\/{rel}","templated":true}]}}