{"id":59593,"date":"2024-04-22T10:55:15","date_gmt":"2024-04-22T13:55:15","guid":{"rendered":"https:\/\/modamentha.com.br\/?post_type=product&#038;p=59593"},"modified":"2024-05-22T14:26:43","modified_gmt":"2024-05-22T17:26:43","slug":"body-veludo","status":"publish","type":"product","link":"https:\/\/modamentha.com.br\/?product=body-veludo","title":{"rendered":"Body Veludo"},"content":{"rendered":"","protected":false},"excerpt":{"rendered":"<p>Body confeccionada em veludo, tecido com um leve acetinado, com toque macio e confort\u00e1vel. Possui shape justo, decote de um ombro s\u00f3 com uma manga curta e fechamento em colchete de press\u00e3o. \u00c9 uma pe\u00e7a exclusiva e perfeita para compor com looks modernos e elegantes.<\/p>\n<p>Tecido:<br \/>\nVeludo<\/p>\n<p>Composi\u00e7\u00e3o:<br \/>\n94% Poliester<br \/>\n06% Elastano<\/p>\n<p>Tabela de Medidas:<br \/>\nP \u2013 Busto 77 cm | Cintura 72 cm | Comprimento 64 cm<br \/>\nM \u2013 Busto 81 cm | Cintura 76 cm | Comprimento 66 cm<br \/>\nG \u2013 Busto 85 cm | Cintura 80 cm | Comprimento 68 cm<\/p>\n","protected":false},"featured_media":59594,"template":"","meta":{"spay_email":""},"supplier_id":null,"supplier_sku":"","atum_controlled":true,"out_stock_date":null,"out_stock_threshold":null,"inheritable":true,"inbound_stock":0,"stock_on_hold":0,"sold_today":null,"sales_last_days":null,"reserved_stock":0,"customer_returns":0,"warehouse_damage":0,"lost_in_post":0,"other_logs":0,"out_stock_days":null,"lost_sales":null,"has_location":false,"update_date":"2024-04-22T17:08:50","atum_locations":[],"atum_stock_status":"instock","low_stock":false,"_links":{"self":[{"href":"https:\/\/modamentha.com.br\/index.php?rest_route=\/wp\/v2\/product\/59593"}],"collection":[{"href":"https:\/\/modamentha.com.br\/index.php?rest_route=\/wp\/v2\/product"}],"about":[{"href":"https:\/\/modamentha.com.br\/index.php?rest_route=\/wp\/v2\/types\/product"}],"wp:featuredmedia":[{"embeddable":true,"href":"https:\/\/modamentha.com.br\/index.php?rest_route=\/wp\/v2\/media\/59594"}],"wp:attachment":[{"href":"https:\/\/modamentha.com.br\/index.php?rest_route=%2Fwp%2Fv2%2Fmedia&parent=59593"}],"curies":[{"name":"wp","href":"https:\/\/api.w.org\/{rel}","templated":true}]}}