{"id":60328,"date":"2024-05-03T17:59:47","date_gmt":"2024-05-03T20:59:47","guid":{"rendered":"https:\/\/modamentha.com.br\/?post_type=product&#038;p=60328"},"modified":"2025-08-01T14:07:18","modified_gmt":"2025-08-01T17:07:18","slug":"calca-alfaiataria-vinco-5","status":"publish","type":"product","link":"https:\/\/modamentha.com.br\/?product=calca-alfaiataria-vinco-5","title":{"rendered":"Cal\u00e7a Alfaiataria Vinco"},"content":{"rendered":"","protected":false},"excerpt":{"rendered":"<p>Cal\u00e7a confeccionada com tecido de sarja poliamida, com caimento encorpado. Sua modelagem \u00e9 skinny, com shape mais alinhado, fechamento na vista com z\u00edper, fecho social e bot\u00e3o de seguran\u00e7a interno. Perfeita para uma rotina leve e confort\u00e1vel, mesmo sendo uma pe\u00e7a de alfaiataria.<\/p>\n<p>Tecido:<br \/>\nSarja Poliamida<\/p>\n<p>Composi\u00e7\u00e3o:<br \/>\n50% Algod\u00e3o<br \/>\n46% Poliamida<br \/>\n04% Elastano<\/p>\n<p>Tabela de Medidas:<br \/>\n36 \u2013 Cintura 68 cm | Quadril 92 cm | Comprimento 98 cm<br \/>\n38 \u2013 Cintura 72 cm | Quadril 96 cm | Comprimento 100 cm<br \/>\n40 \u2013 Cintura 76 cm | Quadril 100 cm | Comprimento 102 cm<br \/>\n42 \u2013 Cintura 80 cm | Quadril 104 cm | Comprimento 104 cm<br \/>\n44 \u2013 Cintura 84 cm | Quadril 108 cm | Comprimento 106 cm<\/p>\n","protected":false},"featured_media":60274,"template":"","meta":{"spay_email":""},"supplier_id":null,"supplier_sku":"","atum_controlled":true,"out_stock_date":null,"out_stock_threshold":null,"inheritable":true,"inbound_stock":0,"stock_on_hold":0,"sold_today":null,"sales_last_days":null,"reserved_stock":0,"customer_returns":0,"warehouse_damage":0,"lost_in_post":0,"other_logs":0,"out_stock_days":null,"lost_sales":null,"has_location":false,"update_date":"2024-05-04T00:01:34","atum_locations":[],"atum_stock_status":"instock","low_stock":false,"_links":{"self":[{"href":"https:\/\/modamentha.com.br\/index.php?rest_route=\/wp\/v2\/product\/60328"}],"collection":[{"href":"https:\/\/modamentha.com.br\/index.php?rest_route=\/wp\/v2\/product"}],"about":[{"href":"https:\/\/modamentha.com.br\/index.php?rest_route=\/wp\/v2\/types\/product"}],"wp:featuredmedia":[{"embeddable":true,"href":"https:\/\/modamentha.com.br\/index.php?rest_route=\/wp\/v2\/media\/60274"}],"wp:attachment":[{"href":"https:\/\/modamentha.com.br\/index.php?rest_route=%2Fwp%2Fv2%2Fmedia&parent=60328"}],"curies":[{"name":"wp","href":"https:\/\/api.w.org\/{rel}","templated":true}]}}