{"id":61052,"date":"2024-05-17T18:13:48","date_gmt":"2024-05-17T21:13:48","guid":{"rendered":"https:\/\/modamentha.com.br\/?post_type=product&#038;p=61052"},"modified":"2025-01-24T14:38:26","modified_gmt":"2025-01-24T17:38:26","slug":"blusa-manga-babado","status":"publish","type":"product","link":"https:\/\/modamentha.com.br\/?product=blusa-manga-babado","title":{"rendered":"Blusa Manga Babado Crepe Texturizado"},"content":{"rendered":"","protected":false},"excerpt":{"rendered":"<p>Blusa confeccionada em crepe, com toque texturizado e caimento fluido. Possui decote V e manga curta com babado duplo. \u00c9 uma pe\u00e7a essencial e perfeita para compor diversos looks, indispens\u00e1vel no guarda-roupa da mulher, que proporciona feminilidade e eleg\u00e2ncia.<\/p>\n<p>Tecido:<br \/>\nCrepe Texturizado<\/p>\n<p>Composi\u00e7\u00e3o:<br \/>\n100% Poli\u00e9ster<\/p>\n<p>Tabela de Medidas:<br \/>\nP &#8211; Busto 94.00 cm | Cintura 93.00 cm | Comprimento 58.00 cm<br \/>\nM &#8211; Busto 98.00 cm | Cintura 97.00 cm | Comprimento 60.00 cm<br \/>\nG &#8211; Busto 102.00 cm | Cintura 101.00 cm | Comprimento 62.00 cm<br \/>\nGG &#8211; Busto 106.00 cm | Cintura 105.00 cm  | Comprimento 64.00 cm<\/p>\n","protected":false},"featured_media":61077,"template":"","meta":{"spay_email":""},"supplier_id":null,"supplier_sku":"","atum_controlled":true,"out_stock_date":null,"out_stock_threshold":null,"inheritable":true,"inbound_stock":0,"stock_on_hold":0,"sold_today":null,"sales_last_days":null,"reserved_stock":0,"customer_returns":0,"warehouse_damage":0,"lost_in_post":0,"other_logs":0,"out_stock_days":null,"lost_sales":null,"has_location":false,"update_date":"2024-05-18T00:32:36","atum_locations":[],"atum_stock_status":"instock","low_stock":false,"_links":{"self":[{"href":"https:\/\/modamentha.com.br\/index.php?rest_route=\/wp\/v2\/product\/61052"}],"collection":[{"href":"https:\/\/modamentha.com.br\/index.php?rest_route=\/wp\/v2\/product"}],"about":[{"href":"https:\/\/modamentha.com.br\/index.php?rest_route=\/wp\/v2\/types\/product"}],"wp:featuredmedia":[{"embeddable":true,"href":"https:\/\/modamentha.com.br\/index.php?rest_route=\/wp\/v2\/media\/61077"}],"wp:attachment":[{"href":"https:\/\/modamentha.com.br\/index.php?rest_route=%2Fwp%2Fv2%2Fmedia&parent=61052"}],"curies":[{"name":"wp","href":"https:\/\/api.w.org\/{rel}","templated":true}]}}