{"id":61724,"date":"2024-05-27T09:34:36","date_gmt":"2024-05-27T12:34:36","guid":{"rendered":"https:\/\/modamentha.com.br\/?post_type=product&#038;p=61724"},"modified":"2025-05-15T16:25:10","modified_gmt":"2025-05-15T19:25:10","slug":"saia-mini-pala-bolso-vivo","status":"publish","type":"product","link":"https:\/\/modamentha.com.br\/?product=saia-mini-pala-bolso-vivo","title":{"rendered":"Saia Mini Pala Bolso Vivo"},"content":{"rendered":"","protected":false},"excerpt":{"rendered":"<p>Saia mini em alfaiataria com viscose. Possui c\u00f3s com bot\u00e3o interno, colchete, z\u00edper de nylon, vivo e estrutura de forro com shorts por dentro da saia.<\/p>\n<p>Composi\u00e7\u00e3o:<br \/>\n73% POLI\u00c9STER 21% VISCOSE 6% ELASTANO | FORRO 100% POLI\u00c9STER<\/p>\n<p>MEDIDAS<br \/>\nCintura: P:72cm | M:76cm | G:80cm<br \/>\nQuadril: P:101cm | M:105cm | G:109cm<br \/>\nComprimento Total: P:40cm | M:41cm | G:42cm<\/p>\n","protected":false},"featured_media":61711,"template":"","meta":{"spay_email":""},"supplier_id":null,"supplier_sku":"","atum_controlled":true,"out_stock_date":null,"out_stock_threshold":null,"inheritable":true,"inbound_stock":0,"stock_on_hold":0,"sold_today":null,"sales_last_days":null,"reserved_stock":0,"customer_returns":0,"warehouse_damage":0,"lost_in_post":0,"other_logs":0,"out_stock_days":null,"lost_sales":null,"has_location":false,"update_date":"2024-05-27T15:39:36","atum_locations":[],"atum_stock_status":"instock","low_stock":false,"_links":{"self":[{"href":"https:\/\/modamentha.com.br\/index.php?rest_route=\/wp\/v2\/product\/61724"}],"collection":[{"href":"https:\/\/modamentha.com.br\/index.php?rest_route=\/wp\/v2\/product"}],"about":[{"href":"https:\/\/modamentha.com.br\/index.php?rest_route=\/wp\/v2\/types\/product"}],"wp:featuredmedia":[{"embeddable":true,"href":"https:\/\/modamentha.com.br\/index.php?rest_route=\/wp\/v2\/media\/61711"}],"wp:attachment":[{"href":"https:\/\/modamentha.com.br\/index.php?rest_route=%2Fwp%2Fv2%2Fmedia&parent=61724"}],"curies":[{"name":"wp","href":"https:\/\/api.w.org\/{rel}","templated":true}]}}