{"id":62130,"date":"2024-06-05T09:47:40","date_gmt":"2024-06-05T12:47:40","guid":{"rendered":"https:\/\/modamentha.com.br\/?post_type=product&#038;p=62130"},"modified":"2024-08-14T18:51:08","modified_gmt":"2024-08-14T21:51:08","slug":"calca-skinny-2","status":"publish","type":"product","link":"https:\/\/modamentha.com.br\/?product=calca-skinny-2","title":{"rendered":"Cal\u00e7a Skinny"},"content":{"rendered":"","protected":false},"excerpt":{"rendered":"<p>Cal\u00e7a confeccionada em tecido sint\u00e9tico. Possui shape skinny que modela o corpo, sem abrir m\u00e3o do conforto e eleg\u00e2ncia. Componha com blusas ajustadas de tecidos leves para mesclar texturas e componha com uma terceira pe\u00e7a.<\/p>\n<p>Couro sint\u00e9tico<\/p>\n<p>Composi\u00e7\u00e3o<br \/>\n100% poli\u00e9ster com revestimento 100% poliuretano<\/p>\n","protected":false},"featured_media":62092,"template":"","meta":{"spay_email":""},"supplier_id":null,"supplier_sku":"","atum_controlled":true,"out_stock_date":null,"out_stock_threshold":null,"inheritable":true,"inbound_stock":0,"stock_on_hold":0,"sold_today":null,"sales_last_days":null,"reserved_stock":0,"customer_returns":0,"warehouse_damage":0,"lost_in_post":0,"other_logs":0,"out_stock_days":null,"lost_sales":null,"has_location":false,"update_date":"2024-06-05T15:48:15","atum_locations":[],"atum_stock_status":"instock","low_stock":false,"_links":{"self":[{"href":"https:\/\/modamentha.com.br\/index.php?rest_route=\/wp\/v2\/product\/62130"}],"collection":[{"href":"https:\/\/modamentha.com.br\/index.php?rest_route=\/wp\/v2\/product"}],"about":[{"href":"https:\/\/modamentha.com.br\/index.php?rest_route=\/wp\/v2\/types\/product"}],"wp:featuredmedia":[{"embeddable":true,"href":"https:\/\/modamentha.com.br\/index.php?rest_route=\/wp\/v2\/media\/62092"}],"wp:attachment":[{"href":"https:\/\/modamentha.com.br\/index.php?rest_route=%2Fwp%2Fv2%2Fmedia&parent=62130"}],"curies":[{"name":"wp","href":"https:\/\/api.w.org\/{rel}","templated":true}]}}