{"id":62972,"date":"2024-07-22T19:39:30","date_gmt":"2024-07-22T22:39:30","guid":{"rendered":"https:\/\/modamentha.com.br\/?post_type=product&#038;p=62972"},"modified":"2025-08-08T18:11:55","modified_gmt":"2025-08-08T21:11:55","slug":"calca-glaucia","status":"publish","type":"product","link":"https:\/\/modamentha.com.br\/?product=calca-glaucia","title":{"rendered":"Cal\u00e7a Gl\u00e1ucia"},"content":{"rendered":"","protected":false},"excerpt":{"rendered":"<p>Cal\u00e7a recorte diagonal, bolso alfaiataria (alfaiataria sem elastano)<\/p>\n","protected":false},"featured_media":62847,"template":"","meta":{"spay_email":""},"supplier_id":null,"supplier_sku":"","atum_controlled":true,"out_stock_date":null,"out_stock_threshold":null,"inheritable":true,"inbound_stock":0,"stock_on_hold":0,"sold_today":null,"sales_last_days":null,"reserved_stock":0,"customer_returns":0,"warehouse_damage":0,"lost_in_post":0,"other_logs":0,"out_stock_days":null,"lost_sales":null,"has_location":false,"update_date":"2024-07-23T02:06:08","atum_locations":[],"atum_stock_status":"instock","low_stock":false,"_links":{"self":[{"href":"https:\/\/modamentha.com.br\/index.php?rest_route=\/wp\/v2\/product\/62972"}],"collection":[{"href":"https:\/\/modamentha.com.br\/index.php?rest_route=\/wp\/v2\/product"}],"about":[{"href":"https:\/\/modamentha.com.br\/index.php?rest_route=\/wp\/v2\/types\/product"}],"wp:featuredmedia":[{"embeddable":true,"href":"https:\/\/modamentha.com.br\/index.php?rest_route=\/wp\/v2\/media\/62847"}],"wp:attachment":[{"href":"https:\/\/modamentha.com.br\/index.php?rest_route=%2Fwp%2Fv2%2Fmedia&parent=62972"}],"curies":[{"name":"wp","href":"https:\/\/api.w.org\/{rel}","templated":true}]}}