{"id":63451,"date":"2024-08-03T18:49:39","date_gmt":"2024-08-03T21:49:39","guid":{"rendered":"https:\/\/modamentha.com.br\/?post_type=product&#038;p=63451"},"modified":"2025-01-31T19:31:36","modified_gmt":"2025-01-31T22:31:36","slug":"short-linho-pregas-17200","status":"publish","type":"product","link":"https:\/\/modamentha.com.br\/?product=short-linho-pregas-17200","title":{"rendered":"Short Linho Pregas"},"content":{"rendered":"","protected":false},"excerpt":{"rendered":"<p>Shorts em linho. Possui passantes, bolso faca, prega, fechamento em colchete interno, z\u00edper de nylon, el\u00e1stico no c\u00f3s costa e forro.<\/p>\n<p>Composi\u00e7\u00e3o:<br \/>\n76% Viscose<br \/>\n14% Linho<br \/>\n10% Algod\u00e3o<br \/>\nForro<br \/>\n100% Poli\u00e9ster<\/p>\n<p>MEDIDAS:<br \/>\nCintura: P:71cm |M:75cm |G:79cm<br \/>\nQuadril: P:104cm |M:107cm |G:111cm<br \/>\nComprimento Total: P:39cm |M:40cm |G:41cm <\/p>\n","protected":false},"featured_media":63479,"template":"","meta":{"spay_email":""},"supplier_id":null,"supplier_sku":"","atum_controlled":true,"out_stock_date":null,"out_stock_threshold":null,"inheritable":true,"inbound_stock":0,"stock_on_hold":0,"sold_today":null,"sales_last_days":null,"reserved_stock":0,"customer_returns":0,"warehouse_damage":0,"lost_in_post":0,"other_logs":0,"out_stock_days":null,"lost_sales":null,"has_location":false,"update_date":"2024-08-04T01:09:46","atum_locations":[],"atum_stock_status":"instock","low_stock":false,"_links":{"self":[{"href":"https:\/\/modamentha.com.br\/index.php?rest_route=\/wp\/v2\/product\/63451"}],"collection":[{"href":"https:\/\/modamentha.com.br\/index.php?rest_route=\/wp\/v2\/product"}],"about":[{"href":"https:\/\/modamentha.com.br\/index.php?rest_route=\/wp\/v2\/types\/product"}],"wp:featuredmedia":[{"embeddable":true,"href":"https:\/\/modamentha.com.br\/index.php?rest_route=\/wp\/v2\/media\/63479"}],"wp:attachment":[{"href":"https:\/\/modamentha.com.br\/index.php?rest_route=%2Fwp%2Fv2%2Fmedia&parent=63451"}],"curies":[{"name":"wp","href":"https:\/\/api.w.org\/{rel}","templated":true}]}}