{"id":63951,"date":"2024-08-10T10:29:21","date_gmt":"2024-08-10T13:29:21","guid":{"rendered":"https:\/\/modamentha.com.br\/?post_type=product&#038;p=63951"},"modified":"2025-06-02T12:39:38","modified_gmt":"2025-06-02T15:39:38","slug":"calca-jeans-cigarrete-2","status":"publish","type":"product","link":"https:\/\/modamentha.com.br\/?product=calca-jeans-cigarrete-2","title":{"rendered":"Cal\u00e7a Jeans Cigarrete"},"content":{"rendered":"","protected":false},"excerpt":{"rendered":"<p>Composi\u00e7\u00e3o:<br \/>\n60% Algod\u00e3o<br \/>\n19% Poli\u00e9ster<br \/>\n09% Viscose<br \/>\n07% Elastomultiester<br \/>\n05% Elastano<\/p>\n","protected":false},"featured_media":63938,"template":"","meta":{"spay_email":""},"supplier_id":null,"supplier_sku":"","atum_controlled":true,"out_stock_date":null,"out_stock_threshold":null,"inheritable":true,"inbound_stock":0,"stock_on_hold":0,"sold_today":null,"sales_last_days":null,"reserved_stock":0,"customer_returns":0,"warehouse_damage":0,"lost_in_post":0,"other_logs":0,"out_stock_days":null,"lost_sales":null,"has_location":false,"update_date":"2024-08-10T16:38:47","atum_locations":[],"atum_stock_status":"instock","low_stock":false,"_links":{"self":[{"href":"https:\/\/modamentha.com.br\/index.php?rest_route=\/wp\/v2\/product\/63951"}],"collection":[{"href":"https:\/\/modamentha.com.br\/index.php?rest_route=\/wp\/v2\/product"}],"about":[{"href":"https:\/\/modamentha.com.br\/index.php?rest_route=\/wp\/v2\/types\/product"}],"wp:featuredmedia":[{"embeddable":true,"href":"https:\/\/modamentha.com.br\/index.php?rest_route=\/wp\/v2\/media\/63938"}],"wp:attachment":[{"href":"https:\/\/modamentha.com.br\/index.php?rest_route=%2Fwp%2Fv2%2Fmedia&parent=63951"}],"curies":[{"name":"wp","href":"https:\/\/api.w.org\/{rel}","templated":true}]}}