{"id":64514,"date":"2024-08-19T17:42:25","date_gmt":"2024-08-19T20:42:25","guid":{"rendered":"https:\/\/modamentha.com.br\/?post_type=product&#038;p=64514"},"modified":"2024-11-21T11:36:56","modified_gmt":"2024-11-21T14:36:56","slug":"regata-alca-laco-poa","status":"publish","type":"product","link":"https:\/\/modamentha.com.br\/?product=regata-alca-laco-poa","title":{"rendered":"Regata Al\u00e7a La\u00e7o Po\u00e1"},"content":{"rendered":"","protected":false},"excerpt":{"rendered":"<p>Regata al\u00e7a em chiffon po\u00e1. Possui faixafixa no decote para la\u00e7o e al\u00e7a com regulador.<\/p>\n<p>Composi\u00e7\u00e3o:<br \/>\n100% Poli\u00e9ster<\/p>\n<p>MEDIDAS:<br \/>\nBusto: P:92cm |M:96cm |G:100cm<br \/>\nComprimento Total: P:57cm |M:58cm |G:59cm <\/p>\n","protected":false},"featured_media":64518,"template":"","meta":{"spay_email":""},"supplier_id":null,"supplier_sku":"","atum_controlled":true,"out_stock_date":null,"out_stock_threshold":null,"inheritable":true,"inbound_stock":0,"stock_on_hold":0,"sold_today":null,"sales_last_days":null,"reserved_stock":0,"customer_returns":0,"warehouse_damage":0,"lost_in_post":0,"other_logs":0,"out_stock_days":null,"lost_sales":null,"has_location":false,"update_date":"2024-08-19T23:49:32","atum_locations":[],"atum_stock_status":"instock","low_stock":false,"_links":{"self":[{"href":"https:\/\/modamentha.com.br\/index.php?rest_route=\/wp\/v2\/product\/64514"}],"collection":[{"href":"https:\/\/modamentha.com.br\/index.php?rest_route=\/wp\/v2\/product"}],"about":[{"href":"https:\/\/modamentha.com.br\/index.php?rest_route=\/wp\/v2\/types\/product"}],"wp:featuredmedia":[{"embeddable":true,"href":"https:\/\/modamentha.com.br\/index.php?rest_route=\/wp\/v2\/media\/64518"}],"wp:attachment":[{"href":"https:\/\/modamentha.com.br\/index.php?rest_route=%2Fwp%2Fv2%2Fmedia&parent=64514"}],"curies":[{"name":"wp","href":"https:\/\/api.w.org\/{rel}","templated":true}]}}