{"id":64615,"date":"2024-08-20T17:03:24","date_gmt":"2024-08-20T20:03:24","guid":{"rendered":"https:\/\/modamentha.com.br\/?post_type=product&#038;p=64615"},"modified":"2026-02-13T16:47:56","modified_gmt":"2026-02-13T19:47:56","slug":"short-prega-pespontada","status":"publish","type":"product","link":"https:\/\/modamentha.com.br\/?product=short-prega-pespontada","title":{"rendered":"Short Prega Pespontada"},"content":{"rendered":"","protected":false},"excerpt":{"rendered":"<p>Short em alfaiataria mista com elastano ecorpado. Possui c\u00f3s transpassado com bot\u00e3o interno, bot\u00e3o forrado, z\u00edper de nylon, bolso faca e praga.<\/p>\n<p>Composi\u00e7\u00e3o:<br \/>\n95% Poli\u00e9ster<br \/>\n05% Elastano<\/p>\n<p>MEDIDAS:<br \/>\nCintura: P:72cm |M:76cm |G:80cm<br \/>\nQuadril: P:102cm |M:106cm |G:110cm<br \/>\nComprimento Total: P:38cm |M:39cm |G:40cm <\/p>\n","protected":false},"featured_media":64587,"template":"","meta":{"spay_email":""},"supplier_id":null,"supplier_sku":"","atum_controlled":true,"out_stock_date":null,"out_stock_threshold":null,"inheritable":true,"inbound_stock":0,"stock_on_hold":0,"sold_today":null,"sales_last_days":null,"reserved_stock":0,"customer_returns":0,"warehouse_damage":0,"lost_in_post":0,"other_logs":0,"out_stock_days":null,"lost_sales":null,"has_location":false,"update_date":"2024-08-20T23:51:02","atum_locations":[],"atum_stock_status":"instock","low_stock":false,"_links":{"self":[{"href":"https:\/\/modamentha.com.br\/index.php?rest_route=\/wp\/v2\/product\/64615"}],"collection":[{"href":"https:\/\/modamentha.com.br\/index.php?rest_route=\/wp\/v2\/product"}],"about":[{"href":"https:\/\/modamentha.com.br\/index.php?rest_route=\/wp\/v2\/types\/product"}],"wp:featuredmedia":[{"embeddable":true,"href":"https:\/\/modamentha.com.br\/index.php?rest_route=\/wp\/v2\/media\/64587"}],"wp:attachment":[{"href":"https:\/\/modamentha.com.br\/index.php?rest_route=%2Fwp%2Fv2%2Fmedia&parent=64615"}],"curies":[{"name":"wp","href":"https:\/\/api.w.org\/{rel}","templated":true}]}}