{"id":64874,"date":"2024-08-23T17:58:40","date_gmt":"2024-08-23T20:58:40","guid":{"rendered":"https:\/\/modamentha.com.br\/?post_type=product&#038;p=64874"},"modified":"2025-01-31T11:08:15","modified_gmt":"2025-01-31T14:08:15","slug":"regata-ribana","status":"publish","type":"product","link":"https:\/\/modamentha.com.br\/?product=regata-ribana","title":{"rendered":"Regata Ribana"},"content":{"rendered":"","protected":false},"excerpt":{"rendered":"<p>Regata confeccionada em ribana, tecido confort\u00e1vel e el\u00e1stico. Apresenta al\u00e7as largas e gola redonda, proporcionando um ajuste confort\u00e1vel e casual para diversas ocasi\u00f5es.<br \/>\nA regata em ribana \u00e9 perfeita para o dia a dia, oferecendo conforto e estilo sem esfor\u00e7o.<\/p>\n<p>MEDIDAS:<br \/>\nTamanho  Busto\t        Cintura<br \/>\nP\t86 &#8211; 94\t        68 &#8211; 76<br \/>\nM\t94 &#8211; 102\t76 &#8211; 84<br \/>\nG\t98 &#8211; 106\t80 &#8211; 88<\/p>\n","protected":false},"featured_media":64835,"template":"","meta":{"spay_email":""},"supplier_id":null,"supplier_sku":"","atum_controlled":true,"out_stock_date":null,"out_stock_threshold":null,"inheritable":true,"inbound_stock":0,"stock_on_hold":0,"sold_today":null,"sales_last_days":null,"reserved_stock":0,"customer_returns":0,"warehouse_damage":0,"lost_in_post":0,"other_logs":0,"out_stock_days":null,"lost_sales":null,"has_location":false,"update_date":"2024-08-24T00:11:18","atum_locations":[],"atum_stock_status":"instock","low_stock":false,"_links":{"self":[{"href":"https:\/\/modamentha.com.br\/index.php?rest_route=\/wp\/v2\/product\/64874"}],"collection":[{"href":"https:\/\/modamentha.com.br\/index.php?rest_route=\/wp\/v2\/product"}],"about":[{"href":"https:\/\/modamentha.com.br\/index.php?rest_route=\/wp\/v2\/types\/product"}],"wp:featuredmedia":[{"embeddable":true,"href":"https:\/\/modamentha.com.br\/index.php?rest_route=\/wp\/v2\/media\/64835"}],"wp:attachment":[{"href":"https:\/\/modamentha.com.br\/index.php?rest_route=%2Fwp%2Fv2%2Fmedia&parent=64874"}],"curies":[{"name":"wp","href":"https:\/\/api.w.org\/{rel}","templated":true}]}}