{"id":64887,"date":"2024-08-23T18:04:14","date_gmt":"2024-08-23T21:04:14","guid":{"rendered":"https:\/\/modamentha.com.br\/?post_type=product&#038;p=64887"},"modified":"2025-02-19T14:29:57","modified_gmt":"2025-02-19T17:29:57","slug":"saia-jeans-curta","status":"publish","type":"product","link":"https:\/\/modamentha.com.br\/?product=saia-jeans-curta","title":{"rendered":"Saia Jeans Curta"},"content":{"rendered":"","protected":false},"excerpt":{"rendered":"<p>Saia jeans de comprimento curto, perfeita para um visual descontra\u00eddo e moderno. Possui c\u00f3s com passadores para cinto, fechamento por z\u00edper e bot\u00e3o na frente. Bolsos frontais e posteriores adicionam praticidade e estilo ao design.<br \/>\nA saia jeans curta \u00e9 uma pe\u00e7a b\u00e1sica e atemporal que pode ser usada de v\u00e1rias maneiras para expressar seu estilo pessoal. Sem elastano, ela pode oferecer uma apar\u00eancia mais estruturada e resistente, mantendo sua forma ao longo do tempo.<\/p>\n<p>MEDIDAS:<br \/>\nTamanho Cintura\t        Quadril<br \/>\n36\t62 &#8211; 68 \t80 &#8211; 84<br \/>\n38\t66 &#8211; 70 \t84 &#8211; 88<br \/>\n40\t70 &#8211; 74 \t88 &#8211; 92<br \/>\n42\t74 &#8211; 78 \t92 &#8211; 96<\/p>\n","protected":false},"featured_media":64833,"template":"","meta":{"spay_email":""},"supplier_id":null,"supplier_sku":"","atum_controlled":true,"out_stock_date":null,"out_stock_threshold":null,"inheritable":true,"inbound_stock":0,"stock_on_hold":0,"sold_today":null,"sales_last_days":null,"reserved_stock":0,"customer_returns":0,"warehouse_damage":0,"lost_in_post":0,"other_logs":0,"out_stock_days":null,"lost_sales":null,"has_location":false,"update_date":"2024-08-24T00:11:17","atum_locations":[],"atum_stock_status":"instock","low_stock":false,"_links":{"self":[{"href":"https:\/\/modamentha.com.br\/index.php?rest_route=\/wp\/v2\/product\/64887"}],"collection":[{"href":"https:\/\/modamentha.com.br\/index.php?rest_route=\/wp\/v2\/product"}],"about":[{"href":"https:\/\/modamentha.com.br\/index.php?rest_route=\/wp\/v2\/types\/product"}],"wp:featuredmedia":[{"embeddable":true,"href":"https:\/\/modamentha.com.br\/index.php?rest_route=\/wp\/v2\/media\/64833"}],"wp:attachment":[{"href":"https:\/\/modamentha.com.br\/index.php?rest_route=%2Fwp%2Fv2%2Fmedia&parent=64887"}],"curies":[{"name":"wp","href":"https:\/\/api.w.org\/{rel}","templated":true}]}}