{"id":65280,"date":"2024-08-30T17:01:59","date_gmt":"2024-08-30T20:01:59","guid":{"rendered":"https:\/\/modamentha.com.br\/?post_type=product&#038;p=65280"},"modified":"2026-03-05T11:08:03","modified_gmt":"2026-03-05T14:08:03","slug":"conjunto-top-recortes-e-saia-midi-camadas","status":"publish","type":"product","link":"https:\/\/modamentha.com.br\/?product=conjunto-top-recortes-e-saia-midi-camadas","title":{"rendered":"Conjunto Top Recortes e Saia Midi Camadas"},"content":{"rendered":"","protected":false},"excerpt":{"rendered":"<p>Top em viscose texturizada. Possui busto duplo com vivo, al\u00e7a com regulador, fechamento em z\u00edper de metal destac\u00e1vel e forro meia malha..<br \/>\nSaia midi viscose texturizada. Possui c\u00f3s com camada sobreposta, fenda na barra, fechamento em z\u00edper e metal e forro meia malha.<\/p>\n<p>Composi\u00e7\u00e3o:<br \/>\n100% Viscose<br \/>\nForro saia<br \/>\n100% Poli\u00e9ter<\/p>\n<p>MEDIDAS TOP:<br \/>\nBusto: P:90cm |M:94cm |G:98cm<br \/>\nComprimento Total: P:45cm |M:45cm |G:45cm <\/p>\n<p>MEDIDAS SAIA:<br \/>\nCintura: P:72cm |M:76cm |G:80cm<br \/>\nQuadril: P:100cm |M:104cm |G:108cm<br \/>\nComprimento Total: P:75cm |M:76cm |G:78cm <\/p>\n","protected":false},"featured_media":65264,"template":"","meta":{"spay_email":""},"supplier_id":null,"supplier_sku":"","atum_controlled":true,"out_stock_date":null,"out_stock_threshold":null,"inheritable":true,"inbound_stock":0,"stock_on_hold":0,"sold_today":null,"sales_last_days":null,"reserved_stock":0,"customer_returns":0,"warehouse_damage":0,"lost_in_post":0,"other_logs":0,"out_stock_days":null,"lost_sales":null,"has_location":false,"update_date":"2024-08-30T23:39:42","atum_locations":[],"atum_stock_status":"instock","low_stock":false,"_links":{"self":[{"href":"https:\/\/modamentha.com.br\/index.php?rest_route=\/wp\/v2\/product\/65280"}],"collection":[{"href":"https:\/\/modamentha.com.br\/index.php?rest_route=\/wp\/v2\/product"}],"about":[{"href":"https:\/\/modamentha.com.br\/index.php?rest_route=\/wp\/v2\/types\/product"}],"wp:featuredmedia":[{"embeddable":true,"href":"https:\/\/modamentha.com.br\/index.php?rest_route=\/wp\/v2\/media\/65264"}],"wp:attachment":[{"href":"https:\/\/modamentha.com.br\/index.php?rest_route=%2Fwp%2Fv2%2Fmedia&parent=65280"}],"curies":[{"name":"wp","href":"https:\/\/api.w.org\/{rel}","templated":true}]}}