{"id":66558,"date":"2024-09-20T16:36:57","date_gmt":"2024-09-20T19:36:57","guid":{"rendered":"https:\/\/modamentha.com.br\/?post_type=product&#038;p=66558"},"modified":"2025-01-30T11:13:00","modified_gmt":"2025-01-30T14:13:00","slug":"blusa-viscolycra-no-transpassado","status":"publish","type":"product","link":"https:\/\/modamentha.com.br\/?product=blusa-viscolycra-no-transpassado","title":{"rendered":"Blusa Viscolycra N\u00f3 Transpassado"},"content":{"rendered":"","protected":false},"excerpt":{"rendered":"<p>Composi\u00e7\u00e3o:<br \/>\n96% Viscose<br \/>\n04% Elastano<\/p>\n<p>MEDIDAS<br \/>\nBusto: P:88cm | M:90cm | G:94cm<br \/>\nComprimento: P:47cm | M:48cm | G:49cm <\/p>\n","protected":false},"featured_media":66489,"template":"","meta":{"spay_email":""},"supplier_id":null,"supplier_sku":"","atum_controlled":true,"out_stock_date":null,"out_stock_threshold":null,"inheritable":true,"inbound_stock":0,"stock_on_hold":0,"sold_today":null,"sales_last_days":null,"reserved_stock":0,"customer_returns":0,"warehouse_damage":0,"lost_in_post":0,"other_logs":0,"out_stock_days":null,"lost_sales":null,"has_location":false,"update_date":"2024-09-20T22:37:09","atum_locations":[],"atum_stock_status":"instock","low_stock":false,"_links":{"self":[{"href":"https:\/\/modamentha.com.br\/index.php?rest_route=\/wp\/v2\/product\/66558"}],"collection":[{"href":"https:\/\/modamentha.com.br\/index.php?rest_route=\/wp\/v2\/product"}],"about":[{"href":"https:\/\/modamentha.com.br\/index.php?rest_route=\/wp\/v2\/types\/product"}],"wp:featuredmedia":[{"embeddable":true,"href":"https:\/\/modamentha.com.br\/index.php?rest_route=\/wp\/v2\/media\/66489"}],"wp:attachment":[{"href":"https:\/\/modamentha.com.br\/index.php?rest_route=%2Fwp%2Fv2%2Fmedia&parent=66558"}],"curies":[{"name":"wp","href":"https:\/\/api.w.org\/{rel}","templated":true}]}}