{"id":67105,"date":"2024-09-25T09:27:36","date_gmt":"2024-09-25T12:27:36","guid":{"rendered":"https:\/\/modamentha.com.br\/?post_type=product&#038;p=67105"},"modified":"2026-01-06T13:03:46","modified_gmt":"2026-01-06T16:03:46","slug":"blusa-com-ombreira","status":"publish","type":"product","link":"https:\/\/modamentha.com.br\/?product=blusa-com-ombreira","title":{"rendered":"Blusa Com Ombreira"},"content":{"rendered":"","protected":false},"excerpt":{"rendered":"<p>Blusa confeccionada em malha algod\u00e3o, modelo essencial, toque confort\u00e1vel e macio. Possui decote arredondado com punho ribana e manga curta e destaque para detalhe de ombreira. \u00c9 uma pe\u00e7a atemporal e perfeita para compor diversos looks.<\/p>\n<p>Tecido:<br \/>\nMalha Algod\u00e3o<\/p>\n<p>Composi\u00e7\u00e3o:<br \/>\nCorpo<br \/>\n100% Algodao<br \/>\nForro Ombreira<br \/>\n100% Poliester<\/p>\n<p>Tabela de Medidas:<br \/>\nP \u2013 Busto 95 cm | Cintura 93 cm | Comprimento 61 cm<br \/>\nM \u2013 Busto 99 cm | Cintura 97 cm | Comprimento 63 cm<br \/>\nG \u2013 Busto 103 cm | Cintura 101 cm | Comprimento 65 cm<\/p>\n","protected":false},"featured_media":67016,"template":"","meta":{"spay_email":""},"supplier_id":null,"supplier_sku":"","atum_controlled":true,"out_stock_date":null,"out_stock_threshold":null,"inheritable":true,"inbound_stock":0,"stock_on_hold":0,"sold_today":null,"sales_last_days":null,"reserved_stock":0,"customer_returns":0,"warehouse_damage":0,"lost_in_post":0,"other_logs":0,"out_stock_days":null,"lost_sales":null,"has_location":false,"update_date":"2024-09-25T15:47:16","atum_locations":[],"atum_stock_status":"instock","low_stock":false,"_links":{"self":[{"href":"https:\/\/modamentha.com.br\/index.php?rest_route=\/wp\/v2\/product\/67105"}],"collection":[{"href":"https:\/\/modamentha.com.br\/index.php?rest_route=\/wp\/v2\/product"}],"about":[{"href":"https:\/\/modamentha.com.br\/index.php?rest_route=\/wp\/v2\/types\/product"}],"wp:featuredmedia":[{"embeddable":true,"href":"https:\/\/modamentha.com.br\/index.php?rest_route=\/wp\/v2\/media\/67016"}],"wp:attachment":[{"href":"https:\/\/modamentha.com.br\/index.php?rest_route=%2Fwp%2Fv2%2Fmedia&parent=67105"}],"curies":[{"name":"wp","href":"https:\/\/api.w.org\/{rel}","templated":true}]}}