{"id":67140,"date":"2024-09-25T10:43:26","date_gmt":"2024-09-25T13:43:26","guid":{"rendered":"https:\/\/modamentha.com.br\/?post_type=product&#038;p=67140"},"modified":"2026-01-20T11:18:50","modified_gmt":"2026-01-20T14:18:50","slug":"short-recorte-alfaiataria-twill","status":"publish","type":"product","link":"https:\/\/modamentha.com.br\/?product=short-recorte-alfaiataria-twill","title":{"rendered":"Short Recorte Alfaiataria Twill"},"content":{"rendered":"","protected":false},"excerpt":{"rendered":"<p>Shorts confeccionado em alfaiataria, com caimento estruturado. Possui detalhe de pence frontal e traseira, bolso debrum na lateral. Fechamento na vista com z\u00edper, fecho social e bot\u00e3o de seguran\u00e7a. \u00c9 Uma pe\u00e7a atemporal e vers\u00e1til para propostas modernas e elegantes.<\/p>\n<p>Tecido:<br \/>\nAlfaiataria<\/p>\n<p>Composi\u00e7\u00e3o:<br \/>\n90% Poli\u00e9ster<br \/>\n10% Elastano<\/p>\n<p>Tabela de Medidas:<br \/>\n36 &#8211; Cintura 68 cm | Quadril 98 cm | Comprimento 39 cm<br \/>\n38 &#8211; Cintura 72 cm | Quadril 102 cm | Comprimento 41 cm<br \/>\n40 &#8211; Cintura 76 cm | Quadril 106 cm | Comprimento 43 cm<br \/>\n42 &#8211; Cintura 80 cm | Quadril 110 cm | Comprimento 45 cm<\/p>\n","protected":false},"featured_media":67084,"template":"","meta":{"spay_email":""},"supplier_id":null,"supplier_sku":"","atum_controlled":true,"out_stock_date":null,"out_stock_threshold":null,"inheritable":true,"inbound_stock":0,"stock_on_hold":0,"sold_today":0,"sales_last_days":0,"reserved_stock":0,"customer_returns":0,"warehouse_damage":0,"lost_in_post":0,"other_logs":0,"out_stock_days":null,"lost_sales":0,"has_location":false,"update_date":"2024-12-18T19:06:30","atum_locations":[],"atum_stock_status":"instock","low_stock":false,"_links":{"self":[{"href":"https:\/\/modamentha.com.br\/index.php?rest_route=\/wp\/v2\/product\/67140"}],"collection":[{"href":"https:\/\/modamentha.com.br\/index.php?rest_route=\/wp\/v2\/product"}],"about":[{"href":"https:\/\/modamentha.com.br\/index.php?rest_route=\/wp\/v2\/types\/product"}],"wp:featuredmedia":[{"embeddable":true,"href":"https:\/\/modamentha.com.br\/index.php?rest_route=\/wp\/v2\/media\/67084"}],"wp:attachment":[{"href":"https:\/\/modamentha.com.br\/index.php?rest_route=%2Fwp%2Fv2%2Fmedia&parent=67140"}],"curies":[{"name":"wp","href":"https:\/\/api.w.org\/{rel}","templated":true}]}}