{"id":67378,"date":"2024-09-27T16:30:34","date_gmt":"2024-09-27T19:30:34","guid":{"rendered":"https:\/\/modamentha.com.br\/?post_type=product&#038;p=67378"},"modified":"2025-11-29T12:50:16","modified_gmt":"2025-11-29T15:50:16","slug":"top-recortes-costas-elo","status":"publish","type":"product","link":"https:\/\/modamentha.com.br\/?product=top-recortes-costas-elo","title":{"rendered":"Top Recortes Costas Elo"},"content":{"rendered":"","protected":false},"excerpt":{"rendered":"<p>Top em alfaiataria com elastano. Possui al\u00e7as regulav\u00e9is, z\u00edper de nylon lateral, elo vazado nas costas e forro meia malha.<\/p>\n<p>Composi\u00e7\u00e3o:<br \/>\n96% Poli\u00e9ster<br \/>\n04% Elastano<br \/>\nForro<br \/>\n100% Poli\u00e9ster<\/p>\n<p>MEDIDAS:<br \/>\nBusto: P:90cm |M:94cm |G:98cm<br \/>\nComprimento Total: P:43cm |M:44cm |G:45cm <\/p>\n","protected":false},"featured_media":67247,"template":"","meta":{"spay_email":""},"supplier_id":null,"supplier_sku":"","atum_controlled":true,"out_stock_date":null,"out_stock_threshold":null,"inheritable":true,"inbound_stock":0,"stock_on_hold":0,"sold_today":null,"sales_last_days":null,"reserved_stock":0,"customer_returns":0,"warehouse_damage":0,"lost_in_post":0,"other_logs":0,"out_stock_days":null,"lost_sales":null,"has_location":false,"update_date":"2024-09-27T23:33:57","atum_locations":[],"atum_stock_status":"instock","low_stock":false,"_links":{"self":[{"href":"https:\/\/modamentha.com.br\/index.php?rest_route=\/wp\/v2\/product\/67378"}],"collection":[{"href":"https:\/\/modamentha.com.br\/index.php?rest_route=\/wp\/v2\/product"}],"about":[{"href":"https:\/\/modamentha.com.br\/index.php?rest_route=\/wp\/v2\/types\/product"}],"wp:featuredmedia":[{"embeddable":true,"href":"https:\/\/modamentha.com.br\/index.php?rest_route=\/wp\/v2\/media\/67247"}],"wp:attachment":[{"href":"https:\/\/modamentha.com.br\/index.php?rest_route=%2Fwp%2Fv2%2Fmedia&parent=67378"}],"curies":[{"name":"wp","href":"https:\/\/api.w.org\/{rel}","templated":true}]}}