{"id":67578,"date":"2024-10-02T20:32:27","date_gmt":"2024-10-02T23:32:27","guid":{"rendered":"https:\/\/modamentha.com.br\/?post_type=product&#038;p=67578"},"modified":"2024-12-22T15:17:24","modified_gmt":"2024-12-22T18:17:24","slug":"short-twill-prega-botoes","status":"publish","type":"product","link":"https:\/\/modamentha.com.br\/?product=short-twill-prega-botoes","title":{"rendered":"Short Twill Prega Bot\u00f5es"},"content":{"rendered":"","protected":false},"excerpt":{"rendered":"<p>Shorts em alfaiataria mista de viscose texturizada. Possui c\u00f3s com bot\u00e3o forrado duplo, z\u00edper de nylon, prega, bolso faca e forro meia malha.<\/p>\n<p>Composi\u00e7\u00e3o:<br \/>\n90% Viscose<br \/>\n10% Poli\u00e9ster<\/p>\n<p>Forro<br \/>\n100% Poli\u00e9ster<\/p>\n<p>MEDIDAS:<br \/>\nCintura: P:72cm |M:76cm |G:80cm<br \/>\nQuadril: P:100cm |M:104cm |G:108cm<br \/>\nComprimento Total: P:38cm |M:39cm |G:40cm <\/p>\n","protected":false},"featured_media":67557,"template":"","meta":{"spay_email":""},"supplier_id":null,"supplier_sku":"","atum_controlled":true,"out_stock_date":null,"out_stock_threshold":null,"inheritable":true,"inbound_stock":0,"stock_on_hold":0,"sold_today":0,"sales_last_days":1,"reserved_stock":0,"customer_returns":0,"warehouse_damage":0,"lost_in_post":0,"other_logs":0,"out_stock_days":null,"lost_sales":0,"has_location":false,"update_date":"2024-10-11T17:36:26","atum_locations":[],"atum_stock_status":"instock","low_stock":false,"_links":{"self":[{"href":"https:\/\/modamentha.com.br\/index.php?rest_route=\/wp\/v2\/product\/67578"}],"collection":[{"href":"https:\/\/modamentha.com.br\/index.php?rest_route=\/wp\/v2\/product"}],"about":[{"href":"https:\/\/modamentha.com.br\/index.php?rest_route=\/wp\/v2\/types\/product"}],"wp:featuredmedia":[{"embeddable":true,"href":"https:\/\/modamentha.com.br\/index.php?rest_route=\/wp\/v2\/media\/67557"}],"wp:attachment":[{"href":"https:\/\/modamentha.com.br\/index.php?rest_route=%2Fwp%2Fv2%2Fmedia&parent=67578"}],"curies":[{"name":"wp","href":"https:\/\/api.w.org\/{rel}","templated":true}]}}