{"id":68617,"date":"2024-10-21T20:07:56","date_gmt":"2024-10-21T23:07:56","guid":{"rendered":"https:\/\/modamentha.com.br\/?post_type=product&#038;p=68617"},"modified":"2025-04-12T14:00:07","modified_gmt":"2025-04-12T17:00:07","slug":"regata-alca-com-bojo-4","status":"publish","type":"product","link":"https:\/\/modamentha.com.br\/?product=regata-alca-com-bojo-4","title":{"rendered":"Regata Al\u00e7a Com Bojo"},"content":{"rendered":"","protected":false},"excerpt":{"rendered":"<p>Regata Amni\u00f3tico com al\u00e7a gal\u00e3o e bojo.<\/p>\n<p>Composi\u00e7\u00e3o:<br \/>\n92% Poliamida 8% Elastano<\/p>\n","protected":false},"featured_media":57062,"template":"","meta":{"spay_email":""},"supplier_id":null,"supplier_sku":"","atum_controlled":true,"out_stock_date":null,"out_stock_threshold":null,"inheritable":true,"inbound_stock":0,"stock_on_hold":0,"sold_today":null,"sales_last_days":null,"reserved_stock":0,"customer_returns":0,"warehouse_damage":0,"lost_in_post":0,"other_logs":0,"out_stock_days":null,"lost_sales":null,"has_location":false,"update_date":"2024-10-22T02:09:03","atum_locations":[],"atum_stock_status":"instock","low_stock":false,"_links":{"self":[{"href":"https:\/\/modamentha.com.br\/index.php?rest_route=\/wp\/v2\/product\/68617"}],"collection":[{"href":"https:\/\/modamentha.com.br\/index.php?rest_route=\/wp\/v2\/product"}],"about":[{"href":"https:\/\/modamentha.com.br\/index.php?rest_route=\/wp\/v2\/types\/product"}],"wp:featuredmedia":[{"embeddable":true,"href":"https:\/\/modamentha.com.br\/index.php?rest_route=\/wp\/v2\/media\/57062"}],"wp:attachment":[{"href":"https:\/\/modamentha.com.br\/index.php?rest_route=%2Fwp%2Fv2%2Fmedia&parent=68617"}],"curies":[{"name":"wp","href":"https:\/\/api.w.org\/{rel}","templated":true}]}}