{"id":69252,"date":"2024-11-06T23:27:02","date_gmt":"2024-11-07T02:27:02","guid":{"rendered":"https:\/\/modamentha.com.br\/?post_type=product&#038;p=69252"},"modified":"2026-02-09T17:30:39","modified_gmt":"2026-02-09T20:30:39","slug":"saia-curta-paete","status":"publish","type":"product","link":"https:\/\/modamentha.com.br\/?product=saia-curta-paete","title":{"rendered":"Saia Curta Paet\u00ea"},"content":{"rendered":"","protected":false},"excerpt":{"rendered":"<p>Composi\u00e7\u00e3o:<br \/>\n97% Poli\u00e9ster<br \/>\n03% Elastano<br \/>\nForro<br \/>\n100% Poli\u00e9ster<\/p>\n<p>MEDIDAS:<br \/>\nCintura: P:70cm |M:74cm |G:78cm<br \/>\nQuadril: P:100cm |M:104cm |G:108cm<br \/>\nComprimento Total: P:45cm |M:46cm |G:47cm <\/p>\n","protected":false},"featured_media":69230,"template":"","meta":{"spay_email":""},"supplier_id":null,"supplier_sku":"","atum_controlled":true,"out_stock_date":null,"out_stock_threshold":null,"inheritable":true,"inbound_stock":0,"stock_on_hold":0,"sold_today":null,"sales_last_days":null,"reserved_stock":0,"customer_returns":0,"warehouse_damage":0,"lost_in_post":0,"other_logs":0,"out_stock_days":null,"lost_sales":null,"has_location":false,"update_date":"2024-11-07T05:27:27","atum_locations":[],"atum_stock_status":"instock","low_stock":false,"_links":{"self":[{"href":"https:\/\/modamentha.com.br\/index.php?rest_route=\/wp\/v2\/product\/69252"}],"collection":[{"href":"https:\/\/modamentha.com.br\/index.php?rest_route=\/wp\/v2\/product"}],"about":[{"href":"https:\/\/modamentha.com.br\/index.php?rest_route=\/wp\/v2\/types\/product"}],"wp:featuredmedia":[{"embeddable":true,"href":"https:\/\/modamentha.com.br\/index.php?rest_route=\/wp\/v2\/media\/69230"}],"wp:attachment":[{"href":"https:\/\/modamentha.com.br\/index.php?rest_route=%2Fwp%2Fv2%2Fmedia&parent=69252"}],"curies":[{"name":"wp","href":"https:\/\/api.w.org\/{rel}","templated":true}]}}