{"id":69332,"date":"2024-11-08T20:30:51","date_gmt":"2024-11-08T23:30:51","guid":{"rendered":"https:\/\/modamentha.com.br\/?post_type=product&#038;p=69332"},"modified":"2025-07-30T11:31:17","modified_gmt":"2025-07-30T14:31:17","slug":"top-um-ombro-trancado","status":"publish","type":"product","link":"https:\/\/modamentha.com.br\/?product=top-um-ombro-trancado","title":{"rendered":"Top Um Ombro Tran\u00e7ado"},"content":{"rendered":"","protected":false},"excerpt":{"rendered":"<p>Top um ombro em alfaiataria texturizada. Possui tran\u00e7ado no busto com al\u00e7a dupla regul\u00e1vel, z\u00edper de nylon lateral, el\u00e1stico nas costas e forro meia malha.<\/p>\n<p>Composi\u00e7\u00e3o:<br \/>\n100% VISCOSE | FORRO 100% POLI\u00c9STER <\/p>\n<p>MEDIDAS:<br \/>\nBusto: P:90cm |M:94cm |G:98cm<br \/>\nComprimento Total: P:43cm |M:44cm |G:45cm <\/p>\n","protected":false},"featured_media":69304,"template":"","meta":{"spay_email":""},"supplier_id":null,"supplier_sku":"","atum_controlled":true,"out_stock_date":null,"out_stock_threshold":null,"inheritable":true,"inbound_stock":0,"stock_on_hold":0,"sold_today":null,"sales_last_days":null,"reserved_stock":0,"customer_returns":0,"warehouse_damage":0,"lost_in_post":0,"other_logs":0,"out_stock_days":null,"lost_sales":null,"has_location":false,"update_date":"2024-11-09T15:04:19","atum_locations":[],"atum_stock_status":"instock","low_stock":false,"_links":{"self":[{"href":"https:\/\/modamentha.com.br\/index.php?rest_route=\/wp\/v2\/product\/69332"}],"collection":[{"href":"https:\/\/modamentha.com.br\/index.php?rest_route=\/wp\/v2\/product"}],"about":[{"href":"https:\/\/modamentha.com.br\/index.php?rest_route=\/wp\/v2\/types\/product"}],"wp:featuredmedia":[{"embeddable":true,"href":"https:\/\/modamentha.com.br\/index.php?rest_route=\/wp\/v2\/media\/69304"}],"wp:attachment":[{"href":"https:\/\/modamentha.com.br\/index.php?rest_route=%2Fwp%2Fv2%2Fmedia&parent=69332"}],"curies":[{"name":"wp","href":"https:\/\/api.w.org\/{rel}","templated":true}]}}