{"id":69374,"date":"2024-11-08T21:18:47","date_gmt":"2024-11-09T00:18:47","guid":{"rendered":"https:\/\/modamentha.com.br\/?post_type=product&#038;p=69374"},"modified":"2025-11-28T15:43:08","modified_gmt":"2025-11-28T18:43:08","slug":"vestido-longo-franzido-lurex","status":"publish","type":"product","link":"https:\/\/modamentha.com.br\/?product=vestido-longo-franzido-lurex","title":{"rendered":"Vestido Longo Franzido Lurex"},"content":{"rendered":"","protected":false},"excerpt":{"rendered":"<p>Vestido longo em yoryu lurex. Possui al\u00e7as para amarra\u00e7\u00e3o, franzido na frente, z\u00edper de nylon lateral, fenda na barra, lastex nas costas e forro meia malha.<\/p>\n<p>Composi\u00e7\u00e3o:<br \/>\n100% POLI\u00c9STER | FORRO 100% POLI\u00c9STER <\/p>\n<p>MEDIDAS:<br \/>\nBusto: P:90cm |M:94cm |G:98cm<br \/>\nCintura: P:72cm |M:76cm |G:80cm<br \/>\nQuadril: P:100cm |M:104cm |G:108cm<br \/>\nComprimento Total: P:145cm |M:146,5cm |G:148cm <\/p>\n","protected":false},"featured_media":69282,"template":"","meta":{"spay_email":""},"supplier_id":null,"supplier_sku":"","atum_controlled":true,"out_stock_date":null,"out_stock_threshold":null,"inheritable":true,"inbound_stock":0,"stock_on_hold":0,"sold_today":null,"sales_last_days":null,"reserved_stock":0,"customer_returns":0,"warehouse_damage":0,"lost_in_post":0,"other_logs":0,"out_stock_days":null,"lost_sales":null,"has_location":false,"update_date":"2024-11-09T15:03:57","atum_locations":[],"atum_stock_status":"instock","low_stock":false,"_links":{"self":[{"href":"https:\/\/modamentha.com.br\/index.php?rest_route=\/wp\/v2\/product\/69374"}],"collection":[{"href":"https:\/\/modamentha.com.br\/index.php?rest_route=\/wp\/v2\/product"}],"about":[{"href":"https:\/\/modamentha.com.br\/index.php?rest_route=\/wp\/v2\/types\/product"}],"wp:featuredmedia":[{"embeddable":true,"href":"https:\/\/modamentha.com.br\/index.php?rest_route=\/wp\/v2\/media\/69282"}],"wp:attachment":[{"href":"https:\/\/modamentha.com.br\/index.php?rest_route=%2Fwp%2Fv2%2Fmedia&parent=69374"}],"curies":[{"name":"wp","href":"https:\/\/api.w.org\/{rel}","templated":true}]}}