{"id":69747,"date":"2024-11-15T20:38:24","date_gmt":"2024-11-15T23:38:24","guid":{"rendered":"https:\/\/modamentha.com.br\/?post_type=product&#038;p=69747"},"modified":"2025-02-28T09:55:38","modified_gmt":"2025-02-28T12:55:38","slug":"calca-cenoura-nervura-fivela","status":"publish","type":"product","link":"https:\/\/modamentha.com.br\/?product=calca-cenoura-nervura-fivela","title":{"rendered":"Cal\u00e7a Cenoura Nervura Fivela"},"content":{"rendered":"","protected":false},"excerpt":{"rendered":"<p>Cal\u00e7a cenoura em alfaiataria estruturada. Possui faixa lateral fixa com fivela de metal, bolso faca, z\u00edper de nylon lateral, detalhe de nervuras na frente e forro shorts.<\/p>\n<p>Composi\u00e7\u00e3o:<br \/>\n100% POLI\u00c9STER | FORRO 100% POLI\u00c9STER <\/p>\n<p>MEDIDAS:<br \/>\nCintura: P:72cm |M:76cm |G:80cm<br \/>\nQuadril: P:100cm |M:104cm |G:108cm<br \/>\nComprimento Total: P:98cm |M:99cm |G:100cm <\/p>\n","protected":false},"featured_media":69701,"template":"","meta":{"spay_email":""},"supplier_id":null,"supplier_sku":"","atum_controlled":true,"out_stock_date":null,"out_stock_threshold":null,"inheritable":true,"inbound_stock":0,"stock_on_hold":0,"sold_today":null,"sales_last_days":null,"reserved_stock":0,"customer_returns":0,"warehouse_damage":0,"lost_in_post":0,"other_logs":0,"out_stock_days":null,"lost_sales":null,"has_location":false,"update_date":"2024-11-16T05:40:35","atum_locations":[],"atum_stock_status":"instock","low_stock":false,"_links":{"self":[{"href":"https:\/\/modamentha.com.br\/index.php?rest_route=\/wp\/v2\/product\/69747"}],"collection":[{"href":"https:\/\/modamentha.com.br\/index.php?rest_route=\/wp\/v2\/product"}],"about":[{"href":"https:\/\/modamentha.com.br\/index.php?rest_route=\/wp\/v2\/types\/product"}],"wp:featuredmedia":[{"embeddable":true,"href":"https:\/\/modamentha.com.br\/index.php?rest_route=\/wp\/v2\/media\/69701"}],"wp:attachment":[{"href":"https:\/\/modamentha.com.br\/index.php?rest_route=%2Fwp%2Fv2%2Fmedia&parent=69747"}],"curies":[{"name":"wp","href":"https:\/\/api.w.org\/{rel}","templated":true}]}}