{"id":69813,"date":"2024-11-15T21:55:32","date_gmt":"2024-11-16T00:55:32","guid":{"rendered":"https:\/\/modamentha.com.br\/?post_type=product&#038;p=69813"},"modified":"2026-02-04T21:08:58","modified_gmt":"2026-02-05T00:08:58","slug":"macacao-trocido-faixa","status":"publish","type":"product","link":"https:\/\/modamentha.com.br\/?product=macacao-trocido-faixa","title":{"rendered":"Macac\u00e3o Torcido Faixa"},"content":{"rendered":"","protected":false},"excerpt":{"rendered":"<p>Macac\u00e3o em alfaiataria fluida. Possui detalhe torcido no decote, al\u00e7as regul\u00e1veis, pregas, z\u00edper de nylon lateral, el\u00e1stico nas costas e forro. Acompanha faixa do mesmo tecido para amarra\u00e7\u00e3o.<\/p>\n<p>Composi\u00e7\u00e3o:<br \/>\n100% POLI\u00c9STER | FORRO 100% POLI\u00c9STER <\/p>\n<p>MEDIDAS:<br \/>\nBusto: P:90cm |M:94cm |G:98cm<br \/>\nCintura: P:72cm |M:76cm |G:80cm<br \/>\nQuadril: P:100cm |M:104cm |G:108cm<br \/>\nComprimento Total: P:160cm |M:161,5cm |G:163cm <\/p>\n","protected":false},"featured_media":69667,"template":"","meta":{"spay_email":""},"supplier_id":null,"supplier_sku":"","atum_controlled":true,"out_stock_date":null,"out_stock_threshold":null,"inheritable":true,"inbound_stock":0,"stock_on_hold":0,"sold_today":1,"sales_last_days":1,"reserved_stock":0,"customer_returns":0,"warehouse_damage":0,"lost_in_post":0,"other_logs":0,"out_stock_days":null,"lost_sales":0,"has_location":false,"update_date":"2026-02-05T17:25:17","atum_locations":[],"atum_stock_status":"instock","low_stock":false,"_links":{"self":[{"href":"https:\/\/modamentha.com.br\/index.php?rest_route=\/wp\/v2\/product\/69813"}],"collection":[{"href":"https:\/\/modamentha.com.br\/index.php?rest_route=\/wp\/v2\/product"}],"about":[{"href":"https:\/\/modamentha.com.br\/index.php?rest_route=\/wp\/v2\/types\/product"}],"wp:featuredmedia":[{"embeddable":true,"href":"https:\/\/modamentha.com.br\/index.php?rest_route=\/wp\/v2\/media\/69667"}],"wp:attachment":[{"href":"https:\/\/modamentha.com.br\/index.php?rest_route=%2Fwp%2Fv2%2Fmedia&parent=69813"}],"curies":[{"name":"wp","href":"https:\/\/api.w.org\/{rel}","templated":true}]}}