{"id":69874,"date":"2024-11-19T16:27:03","date_gmt":"2024-11-19T19:27:03","guid":{"rendered":"https:\/\/modamentha.com.br\/?post_type=product&#038;p=69874"},"modified":"2026-01-31T09:11:37","modified_gmt":"2026-01-31T12:11:37","slug":"calca-reta-jeans","status":"publish","type":"product","link":"https:\/\/modamentha.com.br\/?product=calca-reta-jeans","title":{"rendered":"Cal\u00e7a Reta Jeans"},"content":{"rendered":"","protected":false},"excerpt":{"rendered":"<p>Cal\u00e7a confeccionada em jeans de algod\u00e3o, com caimento reto. Possui modelagem cl\u00e1ssica, com shape mais alinhado, tr\u00eas bolsos dianteiros, dois bolsos traseiros, c\u00f3s com passante fixo, traseiro com pala e barra desfiada. O fechamento \u00e9 feito na vista com z\u00edper e bot\u00e3o de metal. \u00c9 perfeita para compor looks vers\u00e1teis e modernos.<\/p>\n<p>Tecido:<br \/>\nJeans<\/p>\n<p>Composi\u00e7\u00e3o:<br \/>\nCorpo:<br \/>\n100% Algod\u00e3o<\/p>\n<p>Forro De Bolsos<br \/>\n50% Algod\u00e3o<br \/>\n50% Poli\u00e9ster<\/p>\n<p>Tabela de Medidas:<br \/>\n38 \u2013 Cintura 74 cm | Quadril 103 cm | Comprimento 113 cm<br \/>\n40 \u2013 Cintura 78 cm | Quadril 107 cm | Comprimento 115 cm<br \/>\n42 \u2013 Cintura 82 cm | Quadril 111 cm | Comprimento 117 cm<\/p>\n","protected":false},"featured_media":69859,"template":"","meta":{"spay_email":""},"supplier_id":null,"supplier_sku":"","atum_controlled":true,"out_stock_date":null,"out_stock_threshold":null,"inheritable":true,"inbound_stock":0,"stock_on_hold":0,"sold_today":1,"sales_last_days":1,"reserved_stock":0,"customer_returns":0,"warehouse_damage":0,"lost_in_post":0,"other_logs":0,"out_stock_days":null,"lost_sales":0,"has_location":false,"update_date":"2024-11-28T17:01:26","atum_locations":[],"atum_stock_status":"instock","low_stock":false,"_links":{"self":[{"href":"https:\/\/modamentha.com.br\/index.php?rest_route=\/wp\/v2\/product\/69874"}],"collection":[{"href":"https:\/\/modamentha.com.br\/index.php?rest_route=\/wp\/v2\/product"}],"about":[{"href":"https:\/\/modamentha.com.br\/index.php?rest_route=\/wp\/v2\/types\/product"}],"wp:featuredmedia":[{"embeddable":true,"href":"https:\/\/modamentha.com.br\/index.php?rest_route=\/wp\/v2\/media\/69859"}],"wp:attachment":[{"href":"https:\/\/modamentha.com.br\/index.php?rest_route=%2Fwp%2Fv2%2Fmedia&parent=69874"}],"curies":[{"name":"wp","href":"https:\/\/api.w.org\/{rel}","templated":true}]}}