{"id":70026,"date":"2024-11-25T15:27:43","date_gmt":"2024-11-25T18:27:43","guid":{"rendered":"https:\/\/modamentha.com.br\/?post_type=product&#038;p=70026"},"modified":"2025-01-04T11:41:58","modified_gmt":"2025-01-04T14:41:58","slug":"short-saia-jeans-5","status":"publish","type":"product","link":"https:\/\/modamentha.com.br\/?product=short-saia-jeans-5","title":{"rendered":"Short Saia Jeans"},"content":{"rendered":"","protected":false},"excerpt":{"rendered":"<p>Shorts Saia Jeans. Barra a fio com costura de seguran\u00e7a. Cintura intermedi\u00e1ria. Passantes com detalhe de recorte (dobradinho). Pu\u00eddos na boca de bolsos.<\/p>\n<p>Composi\u00e7\u00e3o:<br \/>\n100% Poli\u00e9ster<\/p>\n","protected":false},"featured_media":68108,"template":"","meta":{"spay_email":""},"supplier_id":null,"supplier_sku":"","atum_controlled":true,"out_stock_date":null,"out_stock_threshold":null,"inheritable":true,"inbound_stock":0,"stock_on_hold":0,"sold_today":null,"sales_last_days":null,"reserved_stock":0,"customer_returns":0,"warehouse_damage":0,"lost_in_post":0,"other_logs":0,"out_stock_days":null,"lost_sales":null,"has_location":false,"update_date":"2024-11-25T22:17:23","atum_locations":[],"atum_stock_status":"instock","low_stock":false,"_links":{"self":[{"href":"https:\/\/modamentha.com.br\/index.php?rest_route=\/wp\/v2\/product\/70026"}],"collection":[{"href":"https:\/\/modamentha.com.br\/index.php?rest_route=\/wp\/v2\/product"}],"about":[{"href":"https:\/\/modamentha.com.br\/index.php?rest_route=\/wp\/v2\/types\/product"}],"wp:featuredmedia":[{"embeddable":true,"href":"https:\/\/modamentha.com.br\/index.php?rest_route=\/wp\/v2\/media\/68108"}],"wp:attachment":[{"href":"https:\/\/modamentha.com.br\/index.php?rest_route=%2Fwp%2Fv2%2Fmedia&parent=70026"}],"curies":[{"name":"wp","href":"https:\/\/api.w.org\/{rel}","templated":true}]}}